{"id":780,"date":"2024-03-27T07:28:36","date_gmt":"2024-03-27T07:28:36","guid":{"rendered":"https:\/\/demo.bravisthemes.com\/americ\/?page_id=780"},"modified":"2026-04-30T13:31:33","modified_gmt":"2026-04-30T13:31:33","slug":"yonetim-ortaklar","status":"publish","type":"page","link":"https:\/\/turac.com.tr\/tr\/yonetim-ortaklar\/","title":{"rendered":"Kurumsal Y\u00f6netim ve Ortakl\u0131k Yap\u0131s\u0131"},"content":{"rendered":"\t\t<div data-elementor-type=\"wp-page\" data-elementor-id=\"780\" class=\"elementor elementor-780\">\n\t\t\t\t        <section class=\"elementor-section elementor-top-section elementor-element elementor-element-5547b9a elementor-section-stretched pxl-row-scroll-fixed elementor-section-boxed elementor-section-height-default elementor-section-height-default pxl-bg-color-none pxl-section-overlay-none\" data-id=\"5547b9a\" data-element_type=\"section\" data-e-type=\"section\" data-settings=\"{&quot;stretch_section&quot;:&quot;section-stretched&quot;}\">\n\n                \n                <div class=\"elementor-container elementor-column-gap-extended \">\n                <div class=\"elementor-column elementor-col-100 elementor-top-column elementor-element elementor-element-c9fca91 pxl-column-sticky pxl-column-overflow-hidden-no\" data-id=\"c9fca91\" data-element_type=\"column\" data-e-type=\"column\">\r\n        <div class=\"elementor-widget-wrap elementor-element-populated\">\r\n                     \r\n        \t\t<div class=\"elementor-element elementor-element-612c0aa elementor-widget elementor-widget-pxl_image\" data-id=\"612c0aa\" data-element_type=\"widget\" data-e-type=\"widget\" data-widget_type=\"pxl_image.default\">\n\t\t\t\t<div class=\"elementor-widget-container\">\n\t\t\t\t\t<div id=\"pxl_image-612c0aa-1514\" class=\"pxl-image-single pxl-disable-parallax-sm   \" data-wow-delay=\"ms\"  >\r\n    <div class=\"pxl-item--inner \" data-wow-delay=\"120ms\">\r\n        \r\n                                <div class=\"pxl-item--image\" data-parallax-value=\"\">\r\n                                                     <img fetchpriority=\"high\" decoding=\"async\" class=\"no-lazyload \" src=\"https:\/\/turac.com.tr\/wp-content\/uploads\/2026\/04\/turac_management-600x700.jpg\" width=\"600\" height=\"700\" alt=\"\" title=\"\" \/>                                            <\/div>\r\n                            \r\n            <\/div>\r\n<\/div>\t\t\t\t<\/div>\n\t\t\t\t<\/div>\n\t\t            <\/div>\r\n        <\/div>\r\n        \t\t\t<\/div>\n\t\t<\/section>\n\t\t        <section class=\"elementor-section elementor-top-section elementor-element elementor-element-2f0f52f elementor-section-stretched elementor-hidden-desktop elementor-hidden-laptop elementor-hidden-tablet_extra elementor-hidden-tablet elementor-hidden-mobile_extra elementor-hidden-mobile elementor-section-boxed elementor-section-height-default elementor-section-height-default pxl-row-scroll-none pxl-bg-color-none pxl-section-overlay-none\" data-id=\"2f0f52f\" data-element_type=\"section\" data-e-type=\"section\" data-settings=\"{&quot;stretch_section&quot;:&quot;section-stretched&quot;,&quot;background_background&quot;:&quot;classic&quot;}\">\n\n                \n                <div class=\"elementor-container elementor-column-gap-extended \">\n                <div class=\"elementor-column elementor-col-100 elementor-top-column elementor-element elementor-element-21eb882 pxl-column-none pxl-column-overflow-hidden-no\" data-id=\"21eb882\" data-element_type=\"column\" data-e-type=\"column\">\r\n        <div class=\"elementor-widget-wrap elementor-element-populated\">\r\n                     \r\n        \t\t<div class=\"elementor-element elementor-element-b047bb3 elementor-widget elementor-widget-pxl_text_editor\" data-id=\"b047bb3\" data-element_type=\"widget\" data-e-type=\"widget\" data-widget_type=\"pxl_text_editor.default\">\n\t\t\t\t<div class=\"elementor-widget-container\">\n\t\t\t\t\t<div id=\"pxl_text_editor-b047bb3-4490\" class=\"pxl-image-wg\" duration=\"1\">\n\t<div class=\"pxl-text-editor\">\n\t\t<div class=\"pxl-item--inner \" data-wow-delay=\"ms\">\n\t\t\t<p>Related members<\/p>\t\t\n\t\t<\/div>\n\t<\/div>\n<\/div>\t\t\t\t<\/div>\n\t\t\t\t<\/div>\n\t\t\t\t<div class=\"elementor-element elementor-element-f189f1c elementor-widget elementor-widget-pxl_team_carousel\" data-id=\"f189f1c\" data-element_type=\"widget\" data-e-type=\"widget\" data-widget_type=\"pxl_team_carousel.default\">\n\t\t\t\t<div class=\"elementor-widget-container\">\n\t\t\t\t\t    <div class=\"pxl-swiper-sliders pxl-team pxl-team-carousel1 pxl-team-layout1 pxl-team-style1\" data-cursor-drap=\"DRAG\">\n        <div class=\"pxl-carousel-inner\">\n            <div class=\"pxl-swiper-container\" dir=\"ltr\" data-settings=\"{&quot;slide_direction&quot;:&quot;horizontal&quot;,&quot;slide_percolumn&quot;:&quot;1&quot;,&quot;slide_mode&quot;:&quot;slide&quot;,&quot;slides_to_show&quot;:&quot;3&quot;,&quot;slides_to_show_xxl&quot;:&quot;3&quot;,&quot;slides_to_show_lg&quot;:&quot;3&quot;,&quot;slides_to_show_md&quot;:&quot;3&quot;,&quot;slides_to_show_sm&quot;:&quot;2&quot;,&quot;slides_to_show_xs&quot;:&quot;1&quot;,&quot;slides_to_scroll&quot;:&quot;1&quot;,&quot;arrow&quot;:&quot;false&quot;,&quot;pagination&quot;:&quot;false&quot;,&quot;pagination_type&quot;:&quot;bullets&quot;,&quot;autoplay&quot;:&quot;true&quot;,&quot;pause_on_hover&quot;:&quot;true&quot;,&quot;pause_on_interaction&quot;:&quot;true&quot;,&quot;delay&quot;:5000,&quot;loop&quot;:&quot;true&quot;,&quot;speed&quot;:500}\">\n                <div class=\"pxl-swiper-wrapper\">\n                                            <div class=\"pxl-swiper-slide\">\n                            <div class=\"pxl-item--inner \" data-wow-delay=\"ms\">\n                                                                    <div class=\"pxl-item--image\">\n                                        <img decoding=\"async\" width=\"440\" height=\"554\" src=\"https:\/\/turac.com.tr\/wp-content\/uploads\/2024\/03\/team-img2.jpg\" class=\"no-lazyload attachment-full\" alt=\"\" \/>                                                                                    <a href=\"https:\/\/turac.com.tr\/team-details\/\"><\/a>\n                                                                                                                            <div class=\"pxl-item--social\">\n                                                                                                    <a href=\"#\" target=\"_blank\"><i class=\"fab fa-facebook-f\"><\/i><\/a>\n                                                                                                    <a href=\"#\" target=\"_blank\"><i class=\"fab fa-twitter\"><\/i><\/a>\n                                                                                                    <a href=\"#\" target=\"_blank\"><i class=\"fab fa-linkedin-in\"><\/i><\/a>\n                                                                                                    <a href=\"#\" target=\"_blank\"><i class=\"fab fa-instagram\"><\/i><\/a>\n                                                                                            <\/div>\n                                                                            <\/div>\n                                                                <div class=\"pxl-item-content\">\n                                    <div class=\"pxl-item--holder\">\n                                        <h3 class=\"pxl-item--title\">    \n                                            Jesica Doe                                        <\/h3>\n                                        <div class=\"pxl-item--position\">Manager<\/div>\n                                    <\/div>\n                                <\/div>\n                            <\/div>\n                        <\/div>\n                                            <div class=\"pxl-swiper-slide\">\n                            <div class=\"pxl-item--inner \" data-wow-delay=\"ms\">\n                                                                    <div class=\"pxl-item--image\">\n                                        <img decoding=\"async\" width=\"440\" height=\"554\" src=\"https:\/\/turac.com.tr\/wp-content\/uploads\/2024\/03\/team-img3.jpg\" class=\"no-lazyload attachment-full\" alt=\"\" \/>                                                                                    <a href=\"https:\/\/turac.com.tr\/team-details\/\"><\/a>\n                                                                                                                            <div class=\"pxl-item--social\">\n                                                                                                    <a href=\"#\" target=\"_blank\"><i class=\"fab fa-facebook-f\"><\/i><\/a>\n                                                                                                    <a href=\"#\" target=\"_blank\"><i class=\"fab fa-twitter\"><\/i><\/a>\n                                                                                                    <a href=\"#\" target=\"_blank\"><i class=\"fab fa-linkedin-in\"><\/i><\/a>\n                                                                                                    <a href=\"#\" target=\"_blank\"><i class=\"fab fa-instagram\"><\/i><\/a>\n                                                                                            <\/div>\n                                                                            <\/div>\n                                                                <div class=\"pxl-item-content\">\n                                    <div class=\"pxl-item--holder\">\n                                        <h3 class=\"pxl-item--title\">    \n                                            Anna Mariana                                        <\/h3>\n                                        <div class=\"pxl-item--position\">UI\/UX Designer<\/div>\n                                    <\/div>\n                                <\/div>\n                            <\/div>\n                        <\/div>\n                                            <div class=\"pxl-swiper-slide\">\n                            <div class=\"pxl-item--inner \" data-wow-delay=\"ms\">\n                                                                    <div class=\"pxl-item--image\">\n                                        <img loading=\"lazy\" decoding=\"async\" width=\"440\" height=\"554\" src=\"https:\/\/turac.com.tr\/wp-content\/uploads\/2024\/03\/team-img4.jpg\" class=\"no-lazyload attachment-full\" alt=\"\" \/>                                                                                    <a href=\"https:\/\/turac.com.tr\/team-details\/\"><\/a>\n                                                                                                                            <div class=\"pxl-item--social\">\n                                                                                                    <a href=\"#\" target=\"_blank\"><i class=\"fab fa-facebook-f\"><\/i><\/a>\n                                                                                                    <a href=\"#\" target=\"_blank\"><i class=\"fab fa-twitter\"><\/i><\/a>\n                                                                                                    <a href=\"#\" target=\"_blank\"><i class=\"fab fa-linkedin-in\"><\/i><\/a>\n                                                                                                    <a href=\"#\" target=\"_blank\"><i class=\"fab fa-instagram\"><\/i><\/a>\n                                                                                            <\/div>\n                                                                            <\/div>\n                                                                <div class=\"pxl-item-content\">\n                                    <div class=\"pxl-item--holder\">\n                                        <h3 class=\"pxl-item--title\">    \n                                            Roberto Doe                                        <\/h3>\n                                        <div class=\"pxl-item--position\">Marketing agent<\/div>\n                                    <\/div>\n                                <\/div>\n                            <\/div>\n                        <\/div>\n                                    <\/div>\n            <\/div>\n            \n            \n                        \n        <\/div>\n    <\/div>\n\t\t\t\t<\/div>\n\t\t\t\t<\/div>\n\t\t            <\/div>\r\n        <\/div>\r\n        \t\t\t<\/div>\n\t\t<\/section>\n\t\t\t\t<\/div>\n\t\t","protected":false},"excerpt":{"rendered":"<p>Related members Jesica Doe Manager Anna Mariana UI\/UX Designer Roberto Doe Marketing agent<\/p>\n","protected":false},"author":1,"featured_media":0,"parent":0,"menu_order":0,"comment_status":"closed","ping_status":"closed","template":"","meta":{"footnotes":""},"class_list":["post-780","page","type-page","status-publish","hentry"],"_links":{"self":[{"href":"https:\/\/turac.com.tr\/tr\/wp-json\/wp\/v2\/pages\/780","targetHints":{"allow":["GET"]}}],"collection":[{"href":"https:\/\/turac.com.tr\/tr\/wp-json\/wp\/v2\/pages"}],"about":[{"href":"https:\/\/turac.com.tr\/tr\/wp-json\/wp\/v2\/types\/page"}],"author":[{"embeddable":true,"href":"https:\/\/turac.com.tr\/tr\/wp-json\/wp\/v2\/users\/1"}],"replies":[{"embeddable":true,"href":"https:\/\/turac.com.tr\/tr\/wp-json\/wp\/v2\/comments?post=780"}],"version-history":[{"count":38,"href":"https:\/\/turac.com.tr\/tr\/wp-json\/wp\/v2\/pages\/780\/revisions"}],"predecessor-version":[{"id":8556,"href":"https:\/\/turac.com.tr\/tr\/wp-json\/wp\/v2\/pages\/780\/revisions\/8556"}],"wp:attachment":[{"href":"https:\/\/turac.com.tr\/tr\/wp-json\/wp\/v2\/media?parent=780"}],"curies":[{"name":"wp","href":"https:\/\/api.w.org\/{rel}","templated":true}]}}