{"id":7710,"date":"2025-04-25T05:29:34","date_gmt":"2025-04-25T05:29:34","guid":{"rendered":"https:\/\/turac.com.tr\/?page_id=7710"},"modified":"2025-09-19T07:32:03","modified_gmt":"2025-09-19T07:32:03","slug":"kalite-politikamiz","status":"publish","type":"page","link":"https:\/\/turac.com.tr\/tr\/kalite-politikamiz\/","title":{"rendered":"\u015eirket Politikalar\u0131m\u0131z"},"content":{"rendered":"\t\t<div data-elementor-type=\"wp-page\" data-elementor-id=\"7710\" class=\"elementor elementor-7710\">\n\t\t\t\t        <section class=\"elementor-section elementor-top-section elementor-element elementor-element-c038422 elementor-section-boxed elementor-section-height-default elementor-section-height-default pxl-row-scroll-none pxl-bg-color-none pxl-section-overlay-none\" data-id=\"c038422\" data-element_type=\"section\" data-e-type=\"section\">\n\n                \n                <div class=\"elementor-container elementor-column-gap-default \">\n                <div class=\"elementor-column elementor-col-100 elementor-top-column elementor-element elementor-element-eba9522 pxl-column-none pxl-column-overflow-hidden-no\" data-id=\"eba9522\" data-element_type=\"column\" data-e-type=\"column\">\r\n        <div class=\"elementor-widget-wrap elementor-element-populated\">\r\n                     \r\n        \t\t<div class=\"elementor-element elementor-element-375c642 elementor-widget elementor-widget-pxl_text_editor\" data-id=\"375c642\" data-element_type=\"widget\" data-e-type=\"widget\" data-widget_type=\"pxl_text_editor.default\">\n\t\t\t\t<div class=\"elementor-widget-container\">\n\t\t\t\t\t<div id=\"pxl_text_editor-375c642-8956\" class=\"pxl-image-wg\" duration=\"1\">\n\t<div class=\"pxl-text-editor\">\n\t\t<div class=\"pxl-item--inner \" data-wow-delay=\"ms\">\n\t\t\t<p><strong>\u015e\u0130RKET KAL\u0130TE POL\u0130T\u0130KASI<\/strong><\/p><p><strong>Tura\u00e7 D\u0131\u015f Ticaret Ltd. \u015eti.<\/strong><\/p><p>1987 y\u0131l\u0131nda Mehmet Saim ALTUNBA\u015e taraf\u0131ndan kurulan \u015firketimiz sekt\u00f6re ilk ad\u0131m\u0131n\u0131 av bayili\u011fi ile atm\u0131\u015ft\u0131r. 2008 y\u0131l\u0131nda \u015eaban\u00f6z\u00fc\/\u00c7ank\u0131r\u0131\u2019da kurulan modern fabrika ile \u00fcretim s\u00fcrecine ba\u015flanm\u0131\u015ft\u0131r.<\/p><p>Av ve at\u0131c\u0131l\u0131k sekt\u00f6r\u00fc ba\u015fta olmak \u00fczere savunma sanayi alan\u0131nda T\u00fcrkiye\u2019de ilk yivli fi\u015fek \u00fcretim iznini alan, hafif silah m\u00fchimmat \u00fcretim ve sat\u0131\u015f\u0131 yapan uluslararas\u0131 bir \u015firkettir. Av ve spor ama\u00e7l\u0131 fi\u015fek \u00fcretiminin yan\u0131 s\u0131ra askeri ve savunma ama\u00e7l\u0131 kullan\u0131m i\u00e7in m\u00fchimmat \u00fcretimine 440 d\u00f6n\u00fcml\u00fck 18.000 metrekare kapal\u0131 alandan olu\u015fan tesislerinde devam etmektedir.<\/p><p>Ger\u00e7ekle\u015ftirmi\u015f oldu\u011fu sponsorluk hizmetleriyle T\u00fcrkiye\u2019de avc\u0131l\u0131k ve at\u0131c\u0131l\u0131k sekt\u00f6r\u00fcn\u00fcn geli\u015fmesine her zaman katk\u0131 sa\u011flayan Tura\u00e7, \u00fclkemizin yan\u0131 s\u0131ra 5 k\u0131tada yer alan Amerika, Almanya, Rusya, Fransa, \u0130ngiltere, Brezilya, Endonezya, Kuveyt, Japonya gibi 20\u2019den fazla \u00fclkede d\u00fczenlenen d\u00fcnyan\u0131n en \u00f6nemli av, at\u0131c\u0131l\u0131k ve savunma sanayi fuarlar\u0131na kat\u0131l\u0131m sa\u011flamaktad\u0131r.<\/p><p>15 farkl\u0131 \u00fcr\u00fcn \u00e7e\u015fidiyle ba\u015flad\u0131\u011f\u0131 \u00fcretim hayat\u0131na, bug\u00fcn itibariyle 350\u2019den fazla \u00e7e\u015fit \u00fcr\u00fcnle devam etmektedir.<\/p><p><strong>Vizyon:<\/strong><\/p><p>\u00dcretiminde yerli ve milli de\u011ferleri koruyarak, uluslararas\u0131 piyasada kendine ait markal\u0131 \u00fcr\u00fcnlerindeki g\u00fcvenilirlik, kalite ve \u00e7e\u015fitlili\u011fi ile alan\u0131nda d\u00fcnyan\u0131n ilk be\u015f \u00fcreticisi aras\u0131nda bulunmak. \u00c7evreye ve insana duyarl\u0131 politikalar\u0131yla \u00f6n plana \u00e7\u0131kan bir \u00fcretici olmak.<\/p><p><strong>Misyon:<\/strong><\/p><p>Av ve spor ama\u00e7l\u0131 \u00fcr\u00fcnleri ile sivil pazarda, askeri ve savunma ama\u00e7l\u0131 \u00fcr\u00fcnleri ile savunma sanayi sekt\u00f6r\u00fcnde modern \u00fcretim teknikleri kullanarak yurti\u00e7i ve yurtd\u0131\u015f\u0131nda rekabet g\u00fcc\u00fc olan fi\u015fek ve m\u00fchimmatlar \u00fcretip pazarlayarak payda\u015f ve i\u015f ortaklar\u0131na katma de\u011fer sa\u011flamakt\u0131r.<\/p><p><strong>Kalite Politikas\u0131<\/strong><\/p><p>Askeri ama\u00e7l\u0131 kullan\u0131lan Hafif Silah M\u00fchimmatlar\u0131 ile Av ve Spor ama\u00e7l\u0131 kullan\u0131lan fi\u015fekler konusunda faaliyet g\u00f6steren \u015firketimiz Kalite Politikas\u0131yla;<\/p><p>\u2713\u00a0 \u00a0 \u00a0 \u00a0 \u00a0 \u00a0M\u00fc\u015fterilerimizin talepleri do\u011frultusunda m\u00fc\u015fteri memnuniyetine odaklanmay\u0131,<\/p><p>\u2713\u00a0\u00a0\u00a0\u00a0\u00a0\u00a0\u00a0\u00a0\u00a0\u00a0 Yasa, mevzuat, standart ve ilgili taraflar\u0131n \u015fartlar\u0131na uygun \u00e7al\u0131\u015fmay\u0131,<\/p><p>\u2713\u00a0\u00a0\u00a0\u00a0\u00a0\u00a0\u00a0\u00a0\u00a0\u00a0 M\u00fc\u015fterilerimiz, \u00e7al\u0131\u015fanlar\u0131m\u0131z ve toplum arac\u0131l\u0131\u011f\u0131 ile m\u00fc\u015fterilerimizin beklentilerini kar\u015f\u0131layan, kar\u015f\u0131l\u0131kl\u0131 g\u00fcvene dayal\u0131 ili\u015fkiler olu\u015fturmak ve s\u00fcrd\u00fcrmek,<\/p><p>\u2713\u00a0\u00a0\u00a0\u00a0\u00a0\u00a0\u00a0\u00a0\u00a0\u00a0 Kalite y\u00f6netim sistemini s\u00fcrekli iyile\u015ftirmeler do\u011frultusunda s\u00fcrekli geli\u015ftirmeyi,<\/p><p>\u2713\u00a0\u00a0\u00a0\u00a0\u00a0\u00a0\u00a0\u00a0\u00a0\u00a0 Hizmetlerimizin ve \u00fcr\u00fcnlerimizin risk ve f\u0131rsat de\u011ferlendirmelerini Kalite Y\u00f6netim Sistemi s\u0131n\u0131rlar\u0131 i\u00e7erisinde kontrol alt\u0131nda tutmay\u0131,<\/p><p>\u2713\u00a0\u00a0\u00a0\u00a0\u00a0\u00a0\u00a0\u00a0\u00a0\u00a0 Topluma ve \u00e7evreye sayg\u0131l\u0131 \u00f6rnek bir kurum olmay\u0131,<\/p><p>\u2713\u00a0\u00a0\u00a0\u00a0\u00a0\u00a0\u00a0\u00a0\u00a0\u00a0 \u0130\u015f hacmini s\u00fcrekli geli\u015ftirerek \u00fclke ekonomisine katk\u0131da bulunmay\u0131,<\/p><p>\u2713\u00a0\u00a0\u00a0\u00a0\u00a0\u00a0\u00a0\u00a0\u00a0\u00a0 Her sipari\u015fi istenen kalitede ve zamanda tamamlamay\u0131,<\/p><p>\u2713\u00a0 \u00a0 \u00a0 \u00a0 \u00a0 Teknolojik geli\u015fmeleri takip etmek ve maliyetleri d\u00fc\u015f\u00fcrmek,<\/p><p>\u2713\u00a0\u00a0\u00a0\u00a0\u00a0\u00a0\u00a0\u00a0\u00a0\u00a0 Sekt\u00f6rel geli\u015fmeleri takip ederek mevcut sistemleri s\u00fcrekli geli\u015ftirmeyi,<\/p><p>\u2713\u00a0\u00a0\u00a0\u00a0\u00a0\u00a0\u00a0\u00a0\u00a0\u00a0 Ekip \u00e7al\u0131\u015fmas\u0131yla ve hedef birli\u011fi ile \u00e7al\u0131\u015fan personelini en verimli \u015fekilde y\u00f6netmeyi ve yetkinliklerini e\u011fitim faaliyetleri ile artt\u0131rmay\u0131 taahh\u00fct eder.<\/p><p><strong>\u015e\u0130RKET \u0130\u015e G\u00dcVENL\u0130\u011e\u0130 POL\u0130T\u0130KASI<\/strong><\/p><p>Askeri ama\u00e7l\u0131 kullan\u0131lan Hafif Silah M\u00fchimmatlar\u0131 ile Av ve Spor ama\u00e7l\u0131 kullan\u0131lan fi\u015fekler konusunda faaliyet g\u00f6steren \u015firketimizin \u0130\u015f Sa\u011fl\u0131\u011f\u0131 ve G\u00fcvenli\u011fi Politikas\u0131;<\/p><p>\u2713\u00a0 \u00a0 \u00a0 \u00a0 \u00a0 Yasal y\u00fck\u00fcml\u00fcl\u00fcklere, y\u00fcr\u00fcrl\u00fckteki \u0130\u015f G\u00fcvenli\u011fi mevzuat \u015fartlar\u0131na ve ilgili taraflar\u0131n \u015fartlar\u0131na uygun hizmet vermeyi,<\/p><p>\u2713\u00a0 \u00a0 \u00a0 \u00a0 \u00a0 \u00c7al\u0131\u015fma ortam\u0131ndaki tehlike, risk ve ramak kala durumlar\u0131n\u0131 tespit etmeyi ve ortadan kald\u0131rmay\u0131,<\/p><p>\u2713\u00a0 \u00a0 \u00a0 \u00a0 \u00a0 Olas\u0131 acil durumlar i\u00e7in gerekli planlamalar\u0131 yaparak proaktif \u00f6nlemler almay\u0131, gerekli olabilecek t\u00fcm \u0130SG e\u011fitimleri i\u00e7in olanak sa\u011flamay\u0131 ve e\u011fitimlerin etkinli\u011fini takip etmeyi,<\/p><p>\u2713\u00a0 \u00a0 \u00a0 \u00a0 \u00a0\u00a0 Faaliyetlerinde risk y\u00f6netimi yakla\u015f\u0131m\u0131 ile tehlikeleri kontrol etmek i\u00e7in gerekli her t\u00fcrl\u00fc \u00f6nlemi almay\u0131,<\/p><p>\u2713\u00a0 \u00a0 \u00a0 \u00a0 \u00a0 \u00c7al\u0131\u015fanlar\u0131n, tedarik\u00e7ilerine, ziyaret\u00e7ilere ba\u015fta olmak \u00fczere g\u00fcvenli ve sa\u011fl\u0131kl\u0131 bir \u00e7al\u0131\u015fma ortam\u0131 sa\u011flamay\u0131,<\/p><p>\u2713\u00a0 \u00a0 \u00a0 \u00a0 \u00a0 Ger\u00e7ekle\u015ftirilen sa\u011fl\u0131k ve g\u00fcvenlik e\u011fitimleri ile \u00e7al\u0131\u015fanlar\u0131n bilin\u00e7 ve fark\u0131ndal\u0131klar\u0131n\u0131 artt\u0131rmay\u0131,<\/p><p>\u2713\u00a0 \u00a0 \u00a0 \u00a0 \u00a0 \u0130\u015f sa\u011fl\u0131\u011f\u0131 ve g\u00fcvenli\u011fi ile ilgili olarak t\u00fcm \u00e7al\u0131\u015fanlar\u0131m\u0131za i\u015fe giri\u015flerinde ve i\u015fin devam\u0131 s\u00fcresince belirli d\u00f6nemlerinde e\u011fitimler vermeyi ve kay\u0131t alt\u0131na almay\u0131,<\/p><p>\u2713\u00a0 \u00a0 \u00a0 \u00a0 \u00a0 Her kademede \u00e7al\u0131\u015fan\u0131n g\u00f6r\u00fc\u015flerinin al\u0131nd\u0131\u011f\u0131 \u0130\u015f Sa\u011fl\u0131\u011f\u0131 ve G\u00fcvenli\u011fi Y\u00f6netim Sistemini s\u00fcrekli iyile\u015ftirmeyi taahh\u00fct eder.<\/p><p><strong>\u015e\u0130RKET \u00c7EVRE POL\u0130T\u0130KASI<\/strong><\/p><p>Askeri ama\u00e7l\u0131 kullan\u0131lan Hafif Silah M\u00fchimmatlar\u0131 ile Av ve Spor ama\u00e7l\u0131 kullan\u0131lan fi\u015fekler konusunda faaliyet g\u00f6steren \u015firketimiz \u00c7evre Politikas\u0131yla;<\/p><p>\u2713\u00a0 \u00a0 \u00a0 \u00a0 \u00a0 Yasal y\u00fck\u00fcml\u00fcl\u00fcklere, y\u00fcr\u00fcrl\u00fckteki \u00e7evre mevzuat \u015fartlar\u0131na ve ilgili taraflar\u0131 \u015fartlar\u0131na uygun, \u00e7evre y\u00f6netim anlay\u0131\u015f\u0131 ile hizmet vermeyi,<\/p><p>\u2713\u00a0 \u00a0 \u00a0 \u00a0 \u00a0\u00a0 T\u00fcm faaliyetlerinde risk y\u00f6netimi yakla\u015f\u0131m\u0131 ile tehlikeleri kontrol etmek i\u00e7in gerekli her t\u00fcrl\u00fc \u00f6nlemi almay\u0131,<\/p><p>\u2713\u00a0 \u00a0 \u00a0 \u00a0 \u00a0\u00a0 Faaliyetlerimizden kaynaklanan \u00e7evresel etkileri azaltmak ve\/veya ortadan kald\u0131rmak,<\/p><p>\u2713\u00a0 \u00a0 \u00a0 \u00a0 \u00a0 \u00a0\u00c7evre Y\u00f6netim Sistemini i\u015f s\u00fcre\u00e7lerimize ve stratejimize entegre ederek \u00e7evresel risk ve f\u0131rsatlar\u0131m\u0131z\u0131 belirlemek ve \u00e7evresel riskleri en aza indirmek i\u00e7in \u00f6nlemler almak,<\/p><p>\u2713\u00a0 \u00a0 \u00a0 \u00a0 \u00a0 Yenilenebilir enerji kaynaklar\u0131n\u0131n kullan\u0131m\u0131n\u0131 ve enerji verimlili\u011fi \u00e7al\u0131\u015fmalar\u0131n\u0131 artt\u0131rmay\u0131 hedeflemek,<\/p><p>\u2713\u00a0 \u00a0 \u00a0 \u00a0 \u00a0 Enerji ve do\u011fal kaynaklar\u0131n verimli kullan\u0131lmas\u0131n\u0131 sa\u011flayacak tedbirler almay\u0131;<\/p><p>\u2713\u00a0 \u00a0 \u00a0 \u00a0 \u00a0 \u00a0Faaliyetleri ile ekolojik dengeye zarar vermeyerek ekolojik dengeyi korumay\u0131;<\/p><p>\u2713\u00a0 \u00a0 \u00a0 \u00a0 \u00a0 \u00a0At\u0131klar\u0131n kayna\u011f\u0131nda en aza indirilmesi, m\u00fcmk\u00fcn oldu\u011funda yeniden kullan\u0131lmas\u0131 ve geri d\u00f6n\u00fc\u015ft\u00fcr\u00fclmesi, de\u011ferlendirilemeyen at\u0131klar\u0131n uygun y\u00f6ntemlerle bertaraf edilmesini sa\u011flamay\u0131;<\/p><p>\u2713\u00a0 \u00a0 \u00a0 \u00a0 \u00a0\u00a0 Gelecek nesillere temiz ve sa\u011fl\u0131kl\u0131 bir \u00e7evre b\u0131rakmak i\u00e7in toplumun ve t\u00fcm de\u011ferler zincirimizin \u00e7evre bilincini artt\u0131rmak,<\/p><p>\u2713\u00a0 \u00a0 \u00a0 \u00a0 \u00a0 \u00a0 \u0130lgili taraflar\u0131n \u00c7evre bilincinin geli\u015ftirilmesine katk\u0131 sa\u011flamay\u0131 ve \u00c7evre Y\u00f6netim Sistemini s\u00fcrekli iyile\u015ftirmeyi taahh\u00fct eder.<\/p>\t\t\n\t\t<\/div>\n\t<\/div>\n<\/div>\t\t\t\t<\/div>\n\t\t\t\t<\/div>\n\t\t            <\/div>\r\n        <\/div>\r\n        \t\t\t<\/div>\n\t\t<\/section>\n\t\t\t\t<\/div>\n\t\t","protected":false},"excerpt":{"rendered":"<p>\u015e\u0130RKET KAL\u0130TE POL\u0130T\u0130KASI Tura\u00e7 D\u0131\u015f Ticaret Ltd. \u015eti. 1987 y\u0131l\u0131nda Mehmet Saim ALTUNBA\u015e taraf\u0131ndan kurulan \u015firketimiz sekt\u00f6re ilk ad\u0131m\u0131n\u0131 av bayili\u011fi ile atm\u0131\u015ft\u0131r. 2008 y\u0131l\u0131nda \u015eaban\u00f6z\u00fc\/\u00c7ank\u0131r\u0131\u2019da kurulan modern fabrika ile \u00fcretim s\u00fcrecine ba\u015flanm\u0131\u015ft\u0131r. Av ve at\u0131c\u0131l\u0131k sekt\u00f6r\u00fc ba\u015fta olmak \u00fczere savunma sanayi alan\u0131nda T\u00fcrkiye\u2019de ilk yivli fi\u015fek \u00fcretim iznini alan, hafif silah m\u00fchimmat \u00fcretim ve [&hellip;]<\/p>\n","protected":false},"author":1,"featured_media":0,"parent":0,"menu_order":0,"comment_status":"closed","ping_status":"closed","template":"","meta":{"footnotes":""},"class_list":["post-7710","page","type-page","status-publish","hentry"],"_links":{"self":[{"href":"https:\/\/turac.com.tr\/tr\/wp-json\/wp\/v2\/pages\/7710","targetHints":{"allow":["GET"]}}],"collection":[{"href":"https:\/\/turac.com.tr\/tr\/wp-json\/wp\/v2\/pages"}],"about":[{"href":"https:\/\/turac.com.tr\/tr\/wp-json\/wp\/v2\/types\/page"}],"author":[{"embeddable":true,"href":"https:\/\/turac.com.tr\/tr\/wp-json\/wp\/v2\/users\/1"}],"replies":[{"embeddable":true,"href":"https:\/\/turac.com.tr\/tr\/wp-json\/wp\/v2\/comments?post=7710"}],"version-history":[{"count":44,"href":"https:\/\/turac.com.tr\/tr\/wp-json\/wp\/v2\/pages\/7710\/revisions"}],"predecessor-version":[{"id":8197,"href":"https:\/\/turac.com.tr\/tr\/wp-json\/wp\/v2\/pages\/7710\/revisions\/8197"}],"wp:attachment":[{"href":"https:\/\/turac.com.tr\/tr\/wp-json\/wp\/v2\/media?parent=7710"}],"curies":[{"name":"wp","href":"https:\/\/api.w.org\/{rel}","templated":true}]}}