{"id":7652,"date":"2025-04-24T07:15:49","date_gmt":"2025-04-24T07:15:49","guid":{"rendered":"https:\/\/turac.com.tr\/?page_id=7652"},"modified":"2025-04-24T07:21:14","modified_gmt":"2025-04-24T07:21:14","slug":"kvkk-basvuru-formu","status":"publish","type":"page","link":"https:\/\/turac.com.tr\/tr\/kvkk-basvuru-formu\/","title":{"rendered":"KVKK Ba\u015fvuru Formu"},"content":{"rendered":"\t\t<div data-elementor-type=\"wp-page\" data-elementor-id=\"7652\" class=\"elementor elementor-7652\">\n\t\t\t\t        <section class=\"elementor-section elementor-top-section elementor-element elementor-element-60bde99 elementor-section-boxed elementor-section-height-default elementor-section-height-default pxl-row-scroll-none pxl-bg-color-none pxl-section-overlay-none\" data-id=\"60bde99\" data-element_type=\"section\" data-e-type=\"section\">\n\n                \n                <div class=\"elementor-container elementor-column-gap-default \">\n                <div class=\"elementor-column elementor-col-100 elementor-top-column elementor-element elementor-element-d7070e2 pxl-column-none pxl-column-overflow-hidden-no\" data-id=\"d7070e2\" data-element_type=\"column\" data-e-type=\"column\">\r\n        <div class=\"elementor-widget-wrap elementor-element-populated\">\r\n                     \r\n        \t\t<div class=\"elementor-element elementor-element-9966c4a elementor-widget elementor-widget-pxl_text_editor\" data-id=\"9966c4a\" data-element_type=\"widget\" data-e-type=\"widget\" data-widget_type=\"pxl_text_editor.default\">\n\t\t\t\t<div class=\"elementor-widget-container\">\n\t\t\t\t\t<div id=\"pxl_text_editor-9966c4a-7377\" class=\"pxl-image-wg\" duration=\"1\">\n\t<div class=\"pxl-text-editor\">\n\t\t<div class=\"pxl-item--inner \" data-wow-delay=\"ms\">\n\t\t\t<h4>Tura\u00e7 D\u0131\u015f Ticaret Ltd. \u015e\u0130RKET\u0130<\/h4><h4>BA\u015eVURU FORMU<\/h4><p>1.\u00a0\u00a0\u00a0\u00a0\u00a0\u00a0<u>GENEL<\/u><\/p><p><u>\u00a0<\/u><\/p><p>Siz veri sahipleri taraf\u0131ndan, 6698 say\u0131l\u0131 Ki\u015fisel Verilerin Korunmas\u0131 Kanunu\u2019nun (KVKK) 11. Ve 13. Maddeleri uyar\u0131nca yap\u0131lacak ba\u015fvurular\u0131 ivedilikler, etkin ve kapsaml\u0131 bir \u015fekilde de\u011ferlendirebilmek ve \u00e7\u00f6z\u00fcmleyebilmek ad\u0131na, i\u015fbu Ba\u015fvuru Formu, veri sorumlusu s\u0131fat\u0131yla Tura\u00e7 D\u0131\u015f Ticaret Ltd. \u015eirketi taraf\u0131ndan haz\u0131rlanm\u0131\u015ft\u0131r.<\/p><p><u>\u00a0<\/u><\/p><p>2.\u00a0\u00a0\u00a0\u00a0\u00a0\u00a0<u>BA\u015eVURU YOLU<\/u><\/p><p><u>\u00a0<\/u><\/p><p>Siz veri sahipleri, KVKK\u2019n\u0131n 11. Ve 13. Maddeleri uyar\u0131nca; veri sorumlusu s\u0131fat\u0131 ta\u015f\u0131yan \u015eirketimize, KVKK\u2019n\u0131n uygulanmas\u0131yla ilgili taleplerinizi yaz\u0131l\u0131 olarak i\u015fbu formun doldurulmas\u0131 suretiyle veya Kurul\u2019un belirleyece\u011fi di\u011fer y\u00f6ntemlerle;<\/p><p>\u00d8\u00a0 \u0130\u015fbu Ba\u015fvuru Formunun imzal\u0131 bir kopyas\u0131n\u0131, ekinde kimli\u011finizi tespit edici belgelere yer vererek An\u0131t Caddesi No: 8\/5, 06570, \u00c7ankaya \/ ANKARA adresine bizzat elden teslim ederek, veya<\/p><p>\u00d8\u00a0 \u0130\u015fbu Ba\u015fvuru Formunun imzal\u0131 bir kopyas\u0131n\u0131, ekinde kimli\u011finizi tespit edici belgelere yer vererek An\u0131t Caddesi No: 8\/5, 06570, \u00c7ankaya \/ ANKARA adresine iadeli taahh\u00fctl\u00fc posta yolu ile veya noter kanal\u0131yla g\u00f6ndererek iletebilirsiniz.<\/p><p>KVKK h\u00fck\u00fcmleri uyar\u0131nca yaz\u0131l\u0131 ba\u015fvurularda ba\u015fvuru formunun \u015eirketimize ula\u015ft\u0131\u011f\u0131 tarih ba\u015fvuru tarihi olarak kabul edilmektedir.<\/p><p><u>\u00a0<\/u><\/p><p>3.\u00a0\u00a0\u00a0\u00a0\u00a0\u00a0<u>VER\u0130 SAH\u0130B\u0130NE \u0130L\u0130\u015eK\u0130N B\u0130LG\u0130LER<\/u><\/p><p><u>\u00a0<\/u><\/p><p>KVKK uyar\u0131nca, yapaca\u011f\u0131n\u0131z ba\u015fvuru ile ilgili gerekli ara\u015ft\u0131rma ve de\u011ferlendirmelerin sa\u011fl\u0131kl\u0131 bir \u015fekilde yap\u0131labilmesi ve konuya ili\u015fkin \u00e7\u00f6z\u00fcmlemelerin yap\u0131labilmesi i\u00e7in a\u015fa\u011f\u0131daki bilgilerin eksiksiz bir \u015fekilde doldurman\u0131z\u0131 rica ederiz:<\/p><table><tbody><tr><td width=\"196\"><p>Ad ve Soyad*<\/p><\/td><td width=\"423\">\u00a0<\/td><\/tr><tr><td width=\"196\"><p>T.C. Kimlik Numaras\u0131*<\/p><\/td><td width=\"423\">\u00a0<\/td><\/tr><tr><td width=\"196\"><p>Adres*<\/p><\/td><td width=\"423\">\u00a0<\/td><\/tr><tr><td width=\"196\"><p>Telefon*<\/p><\/td><td width=\"423\">\u00a0<\/td><\/tr><tr><td width=\"196\"><p>E-posta Adresi*<\/p><\/td><td width=\"423\">\u00a0<\/td><\/tr><\/tbody><\/table><p><em>*Doldurulmas\u0131 zorunlu alanlar.<\/em><\/p><p><u>\u00a0<\/u><\/p><p>Yukar\u0131da taraf\u0131m\u0131za sunmu\u015f oldu\u011funuz ki\u015fisel verileriniz, i\u015fbu ba\u015fvuru formunun de\u011ferlendirilebilmesi, sonu\u00e7land\u0131r\u0131labilmesi ve sizinle ileti\u015fime ge\u00e7ilebilmesi amac\u0131yla al\u0131nmakta ve ba\u015fka herhangi bir ama\u00e7la veri i\u015flemeye konu olmamaktad\u0131r. \u015eirketimiz ile ilgili olan ili\u015fkinize dair a\u015fa\u011f\u0131da verilen se\u00e7eneklerden uygun olan\u0131 i\u015faretleyerek, mevcut ili\u015fkinin halen devam edip etmedi\u011fini a\u015fa\u011f\u0131da verilen alanda belirtiniz.<\/p><table><tbody><tr><td width=\"215\"><p>M\u00fc\u015fteri<\/p><\/td><td width=\"47\">\u00a0<\/td><td width=\"302\"><p>\u00c7al\u0131\u015fan Aday\u0131<\/p><\/td><td width=\"54\">\u00a0<\/td><\/tr><tr><td width=\"215\"><p>\u0130\u015f Orta\u011f\u0131<\/p><\/td><td width=\"47\">\u00a0<\/td><td width=\"302\"><p>\u00c7al\u0131\u015fan<\/p><\/td><td width=\"54\">\u00a0<\/td><\/tr><tr><td width=\"215\"><p>Ziyaret\u00e7i<\/p><\/td><td width=\"47\">\u00a0<\/td><td width=\"302\"><p>Di\u011fer (_____________________________)<\/p><\/td><td width=\"54\">\u00a0<\/td><\/tr><\/tbody><\/table><p>r\u00a0 Tura\u00e7 D\u0131\u015f Ticaret Ltd. \u015eirketi ile olan ili\u015fkim ba\u015fvuru tarihi itibariyle devam etmektedir.<\/p><p>r\u00a0 Tura\u00e7 D\u0131\u015f Ticaret Ltd. \u015eirketi ile olan ili\u015fkim (___________) tarihi itibariyle sona ermi\u015ftir.<\/p><p><u>\u00a0<\/u><\/p><p>4.\u00a0\u00a0\u00a0\u00a0\u00a0\u00a0<u>VER\u0130 SAH\u0130B\u0130N\u0130N TALEPLER\u0130<\/u><\/p><p><u>\u00a0<\/u><\/p><p>Veri sahibi olarak, KVKK\u2019n\u0131n 11. Ve 13. Maddeleri kapsam\u0131nda bilgi sahibi olmak istedi\u011finiz durum\/durumlar i\u00e7in l\u00fctfen a\u015fa\u011f\u0131da yer verilen listedeki ilgili kutucu\u011fu\/kutucuklar\u0131 i\u015faretleyiniz.<\/p><table width=\"718\"><tbody><tr><td width=\"406\"><p>Talebiniz<\/p><\/td><td width=\"236\"><p>A\u00e7\u0131klamalar\u0131n\u0131z<\/p><\/td><td width=\"76\"><p>Se\u00e7iminiz<\/p><\/td><\/tr><tr><td width=\"406\"><p>1. \u015eirket b\u00fcnyesinde ki\u015fisel verilerimin i\u015flenip i\u015flenmedi\u011fini \u00f6\u011frenmek istiyorum. (KVKK md. 11\/1(a) )<\/p><\/td><td width=\"236\">\u00a0<\/td><td width=\"76\">\u00a0<\/td><\/tr><tr><td width=\"406\"><p>2. Ki\u015fisel verilerim i\u015fleniyorsa bu veri i\u015fleme faaliyeti ile ilgili bilgi talep ediyorum. (KVKK md. 11\/1(b) )<\/p><\/td><td width=\"236\">\u00a0<\/td><td width=\"76\">\u00a0<\/td><\/tr><tr><td width=\"406\"><p>3. Ki\u015fisel verilerim i\u015fleniyorsa bu veri i\u015flemesinin amac\u0131n\u0131 ve i\u015flenme amac\u0131na uygun kullan\u0131l\u0131p kullan\u0131lmad\u0131\u011f\u0131n\u0131 \u00f6\u011frenmek istiyorum. (KVKK md. 11\/1(c) )<\/p><\/td><td width=\"236\">\u00a0<\/td><td width=\"76\">\u00a0<\/td><\/tr><tr><td width=\"406\"><p>4. Ki\u015fisel verilerimin yurti\u00e7inde ve\/veya yurtd\u0131\u015f\u0131nda \u00fc\u00e7\u00fcnc\u00fc ki\u015filere aktar\u0131l\u0131p aktar\u0131lmad\u0131\u011f\u0131n\u0131, aktar\u0131l\u0131yorsa \u00fc\u00e7\u00fcnc\u00fc ki\u015filer hakk\u0131nda bilgi talep ediyorum. (KVKK md. 11\/1(\u00e7) )<\/p><\/td><td width=\"236\">\u00a0<\/td><td width=\"76\">\u00a0<\/td><\/tr><tr><td width=\"406\"><p>5. \u015eirket \/ ki\u015fisel verilerimin aktar\u0131ld\u0131\u011f\u0131 \u00fc\u00e7\u00fcnc\u00fc ki\u015filer nezdinde eksik veya yanl\u0131\u015f i\u015flenen ki\u015fisel verilerimin d\u00fczeltilmesini talep ediyorum. (KVKK md. 11\/1(d) )<\/p><p><em>D\u00fczeltilmesini istedi\u011finiz ki\u015fisel veriniz ile ilgili do\u011fru ve tamamlay\u0131c\u0131 bilgileri g\u00f6steren belgeleri ek olarak g\u00f6nderiniz (N\u00fcfus c\u00fczdan\u0131 fotokopisi, ikametgah gibi)<\/em><\/p><\/td><td width=\"236\">\u00a0<\/td><td width=\"76\">\u00a0<\/td><\/tr><tr><td width=\"406\"><p>6. Ki\u015fisel verilerimin kanun ve ilgili di\u011fer kanun h\u00fck\u00fcmlerine uygun olarak i\u015flenmi\u015f olmas\u0131na ra\u011fmen, i\u015flenmesini gerektiren sebeplerin ortadan kalkt\u0131\u011f\u0131n\u0131 d\u00fc\u015f\u00fcn\u00fcyorum ve bu \u00e7er\u00e7evede ki\u015fisel verilerimin;<\/p><p>a) Silinmesini talep ediyorum<\/p><p>b) Yok edilmesini talep ediyorum.<\/p><p>(KVKK md. 11\/1(e) )<\/p><\/td><td width=\"236\">\u00a0<\/td><td width=\"76\"><p>a)<\/p><p>b)<\/p><\/td><\/tr><tr><td width=\"406\"><p>7. Eksik veya yanl\u0131\u015f i\u015flendi\u011fini d\u00fc\u015f\u00fcnd\u00fc\u011f\u00fcm ki\u015fisel verilerimin (Talep No. 5) aktar\u0131ld\u0131\u011f\u0131 \u00fc\u00e7\u00fcnc\u00fc ki\u015filer nezdinde de d\u00fczeltilmesini talep ediyorum.<\/p><p>(KVKK md. 11\/1(f) )<\/p><p><em>D\u00fczeltilmesini istedi\u011finiz ki\u015fisel veriniz ile ilgili do\u011fru ve tamamlay\u0131c\u0131 bilgileri g\u00f6steren belgeleri ek olarak g\u00f6nderiniz (N\u00fcfus c\u00fczdan\u0131 fotokopisi, ikametgah gibi)<\/em><\/p><\/td><td width=\"236\">\u00a0<\/td><td width=\"76\">\u00a0<\/td><\/tr><tr><td width=\"406\"><p>8. Ki\u015fisel verilerimin kanun ve ilgili di\u011fer kanun h\u00fck\u00fcmlerine uygun olarak i\u015flenmi\u015f olmas\u0131na ra\u011fmen, i\u015flenmesini gerektiren sebeplerin ortadan kalkt\u0131\u011f\u0131n\u0131 d\u00fc\u015f\u00fcn\u00fcyorum (Talep No 6) ve bu \u00e7er\u00e7evede ki\u015fisel verilerimin aktar\u0131ld\u0131\u011f\u0131 \u00fc\u00e7\u00fcnc\u00fc ki\u015filer nezdinde de;<\/p><p>a) Silinmesini talep ediyorum<\/p><p>b) Yok edilmesini talep ediyorum.<\/p><p>(KVKK md. 11\/1(f) )<\/p><\/td><td width=\"236\">\u00a0<\/td><td width=\"76\"><p>a)<\/p><p>b)<\/p><\/td><\/tr><tr><td width=\"406\"><p>9. \u015eirketiniz taraf\u0131ndan i\u015flenen ki\u015fisel verilerimin m\u00fcnhas\u0131ran otomatik sistemler vas\u0131tas\u0131yla analiz edildi\u011fini ve bu analiz neticesinde \u015fahs\u0131m aleyhine bir sonu\u00e7 do\u011fdu\u011funu d\u00fc\u015f\u00fcn\u00fcyorum. Bu sonuca itiraz ediyorum.<\/p><p><em>Aleyhine oldu\u011funu d\u00fc\u015f\u00fcnd\u00fc\u011f\u00fcn\u00fcz analiz sonucunu yaz\u0131n\u0131z ve itiraz\u0131n\u0131z\u0131 destekleyen belgeleri ek olarak g\u00f6nderiniz.<\/em><\/p><p>(KVKK md. 11\/1(g) )<\/p><\/td><td width=\"236\">\u00a0<\/td><td width=\"76\">\u00a0<\/td><\/tr><tr><td width=\"406\"><p>10. Ki\u015fisel verilerimin kanuna ayk\u0131r\u0131 i\u015flenmesi nedeniyle zarara u\u011frad\u0131m. Bu zarar\u0131n tazminini talep ediyorum.<\/p><p><em>Kanuna ayk\u0131r\u0131l\u0131\u011fa konu olan hususu yaz\u0131n\u0131z ve destekleyici belgeleri ek olarak g\u00f6nderiniz.<\/em><\/p><p>(KVKK md. 11\/1(\u011f) )<\/p><\/td><td width=\"236\">\u00a0<\/td><td width=\"76\">\u00a0<\/td><\/tr><\/tbody><\/table><p>Veri sahibi ad\u0131na 3. Ki\u015filer taraf\u0131ndan yap\u0131lacak olan ba\u015fvurularda, i\u015fbu ba\u015fvuru formu ile birlikte noterce onaylanm\u0131\u015f vek\u00e2letnamenin, velayet\/vesayet alt\u0131nda bulunan \u00e7ocuklar ad\u0131na yap\u0131lacak ba\u015fvurularda ise i\u015fbu ba\u015fvuru formu ile birlikte velayet\/vesayet ili\u015fkisini tevsik edici belgelerin bir suretinin taraf\u0131m\u0131za g\u00f6nderilmesi gerekmektedir.<\/p><p>Ki\u015fisel verilerinizin g\u00fcvenli\u011fini sa\u011flamak amac\u0131yla, bilgi edinme ba\u015fvurunuzun \u015eirketimize ula\u015ft\u0131\u011f\u0131 tarihten itibaren yedi (7) g\u00fcn i\u00e7inde, \u015eirketimiz, veri sahibi oldu\u011funuzu teyit etmek amac\u0131yla sizinle ileti\u015fime ge\u00e7ebilecek, bu hususta sizlerden baz\u0131 bilgi ve belgeler talep edebilecektir. Bu kapsamda taraf\u0131m\u0131za sa\u011flam\u0131\u015f oldu\u011funuz bilgi ve belgeler, veri sahibi oldu\u011funuzun teyit edilmesini m\u00fcteakip derhal imha edilecektir.<\/p><p>Talep edilen bilgi ve belgelerin eksik olmas\u0131 durumunda, talebimiz \u00fczerine bilgi ve belgelerin tamamlanarak taraf\u0131m\u0131za iletilmesi gerekmektedir. Bilgi ve belgeler taraf\u0131m\u0131za tam olarak iletilene kadar talebin sonu\u00e7land\u0131r\u0131lmas\u0131na ili\u015fkin KVKK madde 13\/2\u2019de belirtilen otuz (30) g\u00fcnl\u00fck s\u00fcre ask\u0131ya al\u0131nacakt\u0131r.<\/p><p><u>\u00a0<\/u><\/p><p>5.\u00a0\u00a0\u00a0\u00a0\u00a0\u00a0<u>BA\u015eVURUNUN SONU\u00c7LANDIRILMASI<\/u><\/p><p><u>\u00a0<\/u><\/p><p>KVKK\u2019n\u0131n 13. Maddesine uygun olarak, \u015eirketimiz, ki\u015fisel veri sahiplerinin yapm\u0131\u015f oldu\u011fu ba\u015fvuru taleplerini de\u011ferlendirilerek KVKK kapsam\u0131nda \u00f6ng\u00f6r\u00fcld\u00fc\u011f\u00fc \u015fekilde en ge\u00e7 otuz (30) g\u00fcn i\u00e7erisinde sonu\u00e7land\u0131racakt\u0131r. Taleplere ili\u015fkin esasen veri sahibinden herhangi bir \u00fccret talep edilmeyecektir. Ancak \u015eirketimizin Ki\u015fisel Verileri Koruma Kurulu taraf\u0131ndan belirlenen \u00fccret tarifesi \u00fczerinden \u00fccret talep etme hakk\u0131 sakl\u0131d\u0131r.<\/p><p>\u015eirketimiz, ba\u015fvuruyu kabul edebilece\u011fi gibi, gerek\u00e7esini a\u00e7\u0131klayarak a\u015fa\u011f\u0131da say\u0131l\u0131 nedenlerle reddedebilir ve cevab\u0131n\u0131 ilgili ki\u015fiye yaz\u0131l\u0131 olarak veya elektronik ortamda bildirebilir. Ki\u015fisel veri sahibinin ba\u015fvurusu a\u015fa\u011f\u0131da belirtilen durumlarda reddedilebilecektir:<\/p><p>\u00d8\u00a0 Di\u011fer ki\u015filerin hak ve \u00f6zg\u00fcrl\u00fcklerini engellemesi<\/p><p>\u00d8\u00a0 Orant\u0131s\u0131z \u00e7aba gerektirmesi<\/p><p>\u00d8\u00a0 Bilginin kamuya a\u00e7\u0131k bir bilgi olmas\u0131<\/p><p>\u00d8\u00a0 Ba\u015fkalar\u0131n\u0131n gizlili\u011fini tehlikeye atmas\u0131<\/p><p>\u00d8\u00a0 KVKK uyar\u0131nca kapsam d\u0131\u015f\u0131nda kalan a\u015fa\u011f\u0131daki hallerden birinin mevcut olmas\u0131<\/p><p>Ba\u015fvuru sonucunun, \u015eirket taraf\u0131ndan size ne \u015fekilde ula\u015ft\u0131r\u0131lmas\u0131 istedi\u011finizi belirtiniz:<\/p><table><tbody><tr><td width=\"310\"><p>Sonucun Bildirilme \u015eekli Se\u00e7iminiz<\/p><\/td><td width=\"310\"><p>Se\u00e7iminiz<\/p><\/td><\/tr><tr><td width=\"310\"><p>Elden teslim almak istiyorum.<\/p><p>(<em>Vejaketeb tesk\u015fn akubnasu hak\u015fbdei b\u0131ter tasd\u015fjk\u015f vejaketbaneb\u015fb ya da yetj\u015f bekges\u015fb\u015fb sybyknasu gerejnejtedir<\/em>)<\/p><\/td><td width=\"310\">\u00a0<\/td><\/tr><tr><td width=\"310\"><p>Posta adresime g\u00f6nderilmesini istiyorum.<\/p><\/td><td width=\"310\">\u00a0<\/td><\/tr><tr><td width=\"310\"><p>E-posta adresime g\u00f6nderilmesini istiyorum.<\/p><\/td><td width=\"310\">\u00a0<\/td><\/tr><\/tbody><\/table><p>6.\u00a0\u00a0\u00a0\u00a0\u00a0\u00a0<u>VER\u0130 SAH\u0130B\u0130 BEYANI<\/u><\/p><p><u>\u00a0<\/u><\/p><p>KVKK uyar\u0131nca yapm\u0131\u015f oldu\u011fum bilgi edinme ba\u015fvurusunun, yukar\u0131da belirtti\u011fim talep\/talepler \u00e7er\u00e7evesinde de\u011ferlendirilerek sonu\u00e7land\u0131r\u0131lmas\u0131n\u0131 rica eder, i\u015fbu ba\u015fvuruda taraf\u0131n\u0131za sa\u011flam\u0131\u015f oldu\u011fum bilgi ve belgelerin do\u011fru, g\u00fcncel ve \u015fahs\u0131ma ait oldu\u011funu kabul, beyan ve taahh\u00fct ederim.<\/p><table><tbody><tr><td width=\"130\"><p>Veri Sahibi<\/p><\/td><td width=\"489\">\u00a0<\/td><\/tr><tr><td width=\"130\"><p>Ad\u0131 Soyad\u0131<\/p><\/td><td width=\"489\">\u00a0<\/td><\/tr><tr><td width=\"130\"><p>Ba\u015fvuru Tarihi<\/p><\/td><td width=\"489\">\u00a0<\/td><\/tr><tr><td width=\"130\"><p>\u0130mza<\/p><\/td><td width=\"489\">\u00a0<\/td><\/tr><\/tbody><\/table><p><u>\u00a0<\/u><\/p><p><u>\u00a0<\/u><\/p><p><u>\u00a0<\/u><\/p><p><u>\u00a0<\/u><\/p><p><u>\u00a0<\/u><\/p><p>\u00a0<\/p>\t\t\n\t\t<\/div>\n\t<\/div>\n<\/div>\t\t\t\t<\/div>\n\t\t\t\t<\/div>\n\t\t            <\/div>\r\n        <\/div>\r\n        \t\t\t<\/div>\n\t\t<\/section>\n\t\t\t\t<\/div>\n\t\t","protected":false},"excerpt":{"rendered":"<p>Tura\u00e7 D\u0131\u015f Ticaret Ltd. \u015e\u0130RKET\u0130 BA\u015eVURU FORMU 1.\u00a0\u00a0\u00a0\u00a0\u00a0\u00a0GENEL \u00a0 Siz veri sahipleri taraf\u0131ndan, 6698 say\u0131l\u0131 Ki\u015fisel Verilerin Korunmas\u0131 Kanunu\u2019nun (KVKK) 11. Ve 13. Maddeleri uyar\u0131nca yap\u0131lacak ba\u015fvurular\u0131 ivedilikler, etkin ve kapsaml\u0131 bir \u015fekilde de\u011ferlendirebilmek ve \u00e7\u00f6z\u00fcmleyebilmek ad\u0131na, i\u015fbu Ba\u015fvuru Formu, veri sorumlusu s\u0131fat\u0131yla Tura\u00e7 D\u0131\u015f Ticaret Ltd. \u015eirketi taraf\u0131ndan haz\u0131rlanm\u0131\u015ft\u0131r. \u00a0 2.\u00a0\u00a0\u00a0\u00a0\u00a0\u00a0BA\u015eVURU YOLU \u00a0 Siz [&hellip;]<\/p>\n","protected":false},"author":1,"featured_media":0,"parent":0,"menu_order":0,"comment_status":"closed","ping_status":"closed","template":"","meta":{"footnotes":""},"class_list":["post-7652","page","type-page","status-publish","hentry"],"_links":{"self":[{"href":"https:\/\/turac.com.tr\/tr\/wp-json\/wp\/v2\/pages\/7652","targetHints":{"allow":["GET"]}}],"collection":[{"href":"https:\/\/turac.com.tr\/tr\/wp-json\/wp\/v2\/pages"}],"about":[{"href":"https:\/\/turac.com.tr\/tr\/wp-json\/wp\/v2\/types\/page"}],"author":[{"embeddable":true,"href":"https:\/\/turac.com.tr\/tr\/wp-json\/wp\/v2\/users\/1"}],"replies":[{"embeddable":true,"href":"https:\/\/turac.com.tr\/tr\/wp-json\/wp\/v2\/comments?post=7652"}],"version-history":[{"count":4,"href":"https:\/\/turac.com.tr\/tr\/wp-json\/wp\/v2\/pages\/7652\/revisions"}],"predecessor-version":[{"id":7656,"href":"https:\/\/turac.com.tr\/tr\/wp-json\/wp\/v2\/pages\/7652\/revisions\/7656"}],"wp:attachment":[{"href":"https:\/\/turac.com.tr\/tr\/wp-json\/wp\/v2\/media?parent=7652"}],"curies":[{"name":"wp","href":"https:\/\/api.w.org\/{rel}","templated":true}]}}