{"id":7629,"date":"2025-04-24T06:55:55","date_gmt":"2025-04-24T06:55:55","guid":{"rendered":"https:\/\/turac.com.tr\/?page_id=7629"},"modified":"2026-02-03T13:52:57","modified_gmt":"2026-02-03T13:52:57","slug":"bilgi-toplumu-hizmetleri","status":"publish","type":"page","link":"https:\/\/turac.com.tr\/tr\/bilgi-toplumu-hizmetleri\/","title":{"rendered":"Bilgi Toplumu Hizmetleri"},"content":{"rendered":"\t\t<div data-elementor-type=\"wp-page\" data-elementor-id=\"7629\" class=\"elementor elementor-7629\">\n\t\t\t\t        <section class=\"elementor-section elementor-top-section elementor-element elementor-element-d81985d elementor-section-boxed elementor-section-height-default elementor-section-height-default pxl-row-scroll-none pxl-bg-color-none pxl-section-overlay-none\" data-id=\"d81985d\" data-element_type=\"section\" data-e-type=\"section\">\n\n                \n                <div class=\"elementor-container elementor-column-gap-default \">\n                <div class=\"elementor-column elementor-col-100 elementor-top-column elementor-element elementor-element-537fc1b pxl-column-none pxl-column-overflow-hidden-no\" data-id=\"537fc1b\" data-element_type=\"column\" data-e-type=\"column\">\r\n        <div class=\"elementor-widget-wrap elementor-element-populated\">\r\n                     \r\n        \t\t<div class=\"elementor-element elementor-element-2ea0c56 elementor-widget elementor-widget-pxl_accordion\" data-id=\"2ea0c56\" data-element_type=\"widget\" data-e-type=\"widget\" data-widget_type=\"pxl_accordion.default\">\n\t\t\t\t<div class=\"elementor-widget-container\">\n\t\t\t\t\t    <div class=\"pxl-accordion pxl-accordion1 style1 wow bounceInDown\" data-wow-delay=\"3000ms\">\r\n                    <div class=\"pxl--item \">\r\n                <h5 class=\"pxl-item--title\" data-target=\"#pxl_accordion-2ea0c56-5321-415f84c\">\r\n                    <div class=\"pxl-content\">\r\n                        <span class=\"pxl-title--text\">\u015eirket<\/span>\r\n                    <\/div>\r\n                    <div class=\"pxl-icon\">\r\n                         <i class=\"pxl-icon--plus\"><\/i>\r\n                    <\/div>\r\n                <\/h5>\r\n                <div id=\"pxl_accordion-2ea0c56-5321-415f84c\" class=\"pxl-item--content\" >\u015e\u0130RKET T\u00dcR\u00dc                                                : Limited \u015eirketi<br \/>\n<br \/>\nMERS\u0130S                                                             : 0867003365500014<br \/>\n<br \/>\nT\u0130CARET S\u0130C\u0130L MEMURLU\u011eU                  : Ankara Ticaret Sicili Memurlu\u011fu<br \/>\n<br \/>\nT\u0130CARET S\u0130C\u0130L NUMARASI                        : 67247<br \/>\n<br \/>\nT\u0130CARET \u00dcNVANI                                          : Tura\u00e7 D\u0131\u015f Ticaret Limited \u015eirketi <br \/>\n<br \/>\nADRES                                                                : Mebusevleri Mah. An\u0131t Cad. \u015eafak. Apt. No: 8\/5  06570  \u00c7ANKAYA\/ANKARA<br \/>\n<br \/>\n\u0130LET\u0130\u015e\u0130M B\u0130LG\u0130LER\u0130                                       : 0 312 212 7061<\/div>\r\n            <\/div>\r\n                    <div class=\"pxl--item \">\r\n                <h5 class=\"pxl-item--title\" data-target=\"#pxl_accordion-2ea0c56-5321-18348a2\">\r\n                    <div class=\"pxl-content\">\r\n                        <span class=\"pxl-title--text\">Sermaye Miktar\u0131<\/span>\r\n                    <\/div>\r\n                    <div class=\"pxl-icon\">\r\n                         <i class=\"pxl-icon--plus\"><\/i>\r\n                    <\/div>\r\n                <\/h5>\r\n                <div id=\"pxl_accordion-2ea0c56-5321-18348a2\" class=\"pxl-item--content\" >TAAHH\u00dcT ED\u0130LEN SERMAYE M\u0130KTARI : 260.000.000.-TL. <br \/>\n<br \/>\n\u00d6DENEN SERMAYE M\u0130KTARI                    : 260.000.000.-TL<\/div>\r\n            <\/div>\r\n                    <div class=\"pxl--item \">\r\n                <h5 class=\"pxl-item--title\" data-target=\"#pxl_accordion-2ea0c56-5321-5bbfa46\">\r\n                    <div class=\"pxl-content\">\r\n                        <span class=\"pxl-title--text\">Vergi Detaylar\u0131<\/span>\r\n                    <\/div>\r\n                    <div class=\"pxl-icon\">\r\n                         <i class=\"pxl-icon--plus\"><\/i>\r\n                    <\/div>\r\n                <\/h5>\r\n                <div id=\"pxl_accordion-2ea0c56-5321-5bbfa46\" class=\"pxl-item--content\" >TESC\u0130L TAR\u0130H\u0130                                                 : 30\/10\/1987 <br \/>\n<br \/>\nVERG\u0130 DA\u0130RES\u0130                                                : ANKARA KURUMLAR VERG\u0130 DA\u0130RES\u0130  <br \/>\n<br \/>\nVERG\u0130 NUMARASI                                          : 867 003 3655<\/div>\r\n            <\/div>\r\n                    <div class=\"pxl--item \">\r\n                <h5 class=\"pxl-item--title\" data-target=\"#pxl_accordion-2ea0c56-5321-6aff345\">\r\n                    <div class=\"pxl-content\">\r\n                        <span class=\"pxl-title--text\">M\u00fcd\u00fcrler Kurulu Ba\u015fkan\u0131<\/span>\r\n                    <\/div>\r\n                    <div class=\"pxl-icon\">\r\n                         <i class=\"pxl-icon--plus\"><\/i>\r\n                    <\/div>\r\n                <\/h5>\r\n                <div id=\"pxl_accordion-2ea0c56-5321-6aff345\" class=\"pxl-item--content\" >M\u00dcD\u00dcRLER KURULU BA\u015eKANI               : FAT\u0130H ALTUNBA\u015e<\/div>\r\n            <\/div>\r\n                    <div class=\"pxl--item \">\r\n                <h5 class=\"pxl-item--title\" data-target=\"#pxl_accordion-2ea0c56-5321-9dcc617\">\r\n                    <div class=\"pxl-content\">\r\n                        <span class=\"pxl-title--text\">Denet\u00e7i<\/span>\r\n                    <\/div>\r\n                    <div class=\"pxl-icon\">\r\n                         <i class=\"pxl-icon--plus\"><\/i>\r\n                    <\/div>\r\n                <\/h5>\r\n                <div id=\"pxl_accordion-2ea0c56-5321-9dcc617\" class=\"pxl-item--content\" ><h4>03.02.2026 ; <a href=\"https:\/\/turac.com.tr\/wp-content\/uploads\/2026\/02\/2024-TURAC-GENEL-KURUL-GAZETE.pdf\">Denet\u00e7i Gazete<\/a><\/h4><br \/>\n<br \/>\nD\u00d6NEM                       : 01\/01\/2022-31\/12\/2022<br \/>\n<br \/>\nT\u0130CARET \u00dcNVANI   : DMF S\u0130STEM ULUSLARARASI BA\u011eIMSIZ DENET\u0130M DANI\u015eMANLIK VE YEM\u0130NL\u0130 MAL\u0130 M\u00dc\u015eAV\u0130RL\u0130K A.\u015e.<br \/>\n<br \/>\nADRES                         :  Eski\u015fehir Yolu 9.KM Tepe Prime \u0130\u015f Merkez  No: B Blok No:100 06800  \u00c7ANKAYA \/ ANKARA<br \/>\n<br \/>\nT\u0130CARET S\u0130C\u0130L NO  : 196240<\/div>\r\n            <\/div>\r\n                    <div class=\"pxl--item \">\r\n                <h5 class=\"pxl-item--title\" data-target=\"#pxl_accordion-2ea0c56-5321-91af455\">\r\n                    <div class=\"pxl-content\">\r\n                        <span class=\"pxl-title--text\">Genel Kurul Kararlar\u0131<\/span>\r\n                    <\/div>\r\n                    <div class=\"pxl-icon\">\r\n                         <i class=\"pxl-icon--plus\"><\/i>\r\n                    <\/div>\r\n                <\/h5>\r\n                <div id=\"pxl_accordion-2ea0c56-5321-91af455\" class=\"pxl-item--content\" ><h4>14.01.2026 ; <a href=\"https:\/\/turac.com.tr\/wp-content\/uploads\/2026\/01\/turac_genel_kurul.pdf\">Genel Kurul \u00c7a\u011fr\u0131 \u0130lan\u0131 Gazetesi<\/a><\/h4><br \/>\n<h4>12.12.2025 ; <a href=\"https:\/\/turac.com.tr\/wp-content\/uploads\/2025\/12\/turac_mudurler_kurulu_karari.pdf\">M\u00fcd\u00fcrler Kurulu Karar\u0131<\/a><\/h4><br \/>\n<h4>17.10.2024 ; <a href=\"https:\/\/turac.com.tr\/wp-content\/uploads\/2025\/04\/12-GENEL-KURUL-CAGRI-GAZETESI.pdf\">Genel Kurul \u00c7a\u011fr\u0131 \u0130lan\u0131 Gazetesi<\/a><\/h4><br \/>\n<h4>01.11.2022 ; Y\u00f6netim Kurulu Kararlar\u0131 <\/h4><br \/>\n<a href=\"https:\/\/turac.com.tr\/wp-content\/uploads\/2025\/04\/turac-genl-kurul-ertleeme-ilani.pdf\" target=\"_blank\" rel=\"noopener\">Erteleme \u0130lan\u0131<\/a><br \/>\n<br \/>\n<a href=\"https:\/\/turac.com.tr\/wp-content\/uploads\/2025\/04\/turac-genel-kurul-cagri-ilani-2.pdf\" target=\"_blank\" rel=\"noopener\">\u00c7a\u011fr\u0131 \u0130lan\u0131<\/a><br><br \/>\n<h4>06.10.2022 ; <a href=\"https:\/\/turac.com.tr\/wp-content\/uploads\/2025\/04\/TURAC-2021-GENEL-KURUL-CAGRI-GAZETESI-5.pdf\">Y\u00f6netim Kurulu Kararlar\u0131<\/a><\/h4><br \/>\n<\/details><\/div>\r\n            <\/div>\r\n            <\/div>\r\n\t\t\t\t<\/div>\n\t\t\t\t<\/div>\n\t\t            <\/div>\r\n        <\/div>\r\n        \t\t\t<\/div>\n\t\t<\/section>\n\t\t\t\t<\/div>\n\t\t","protected":false},"excerpt":{"rendered":"<p>\u015eirket \u015e\u0130RKET T\u00dcR\u00dc : Limited \u015eirketi MERS\u0130S : 0867003365500014 T\u0130CARET S\u0130C\u0130L MEMURLU\u011eU : Ankara Ticaret Sicili Memurlu\u011fu T\u0130CARET S\u0130C\u0130L NUMARASI : 67247 T\u0130CARET \u00dcNVANI : Tura\u00e7 D\u0131\u015f Ticaret Limited \u015eirketi ADRES : Mebusevleri Mah. An\u0131t Cad. \u015eafak. Apt. No: 8\/5 06570 \u00c7ANKAYA\/ANKARA \u0130LET\u0130\u015e\u0130M B\u0130LG\u0130LER\u0130 : 0 312 212 7061 Sermaye Miktar\u0131 TAAHH\u00dcT ED\u0130LEN SERMAYE M\u0130KTARI [&hellip;]<\/p>\n","protected":false},"author":1,"featured_media":0,"parent":0,"menu_order":0,"comment_status":"closed","ping_status":"closed","template":"","meta":{"footnotes":""},"class_list":["post-7629","page","type-page","status-publish","hentry"],"_links":{"self":[{"href":"https:\/\/turac.com.tr\/tr\/wp-json\/wp\/v2\/pages\/7629","targetHints":{"allow":["GET"]}}],"collection":[{"href":"https:\/\/turac.com.tr\/tr\/wp-json\/wp\/v2\/pages"}],"about":[{"href":"https:\/\/turac.com.tr\/tr\/wp-json\/wp\/v2\/types\/page"}],"author":[{"embeddable":true,"href":"https:\/\/turac.com.tr\/tr\/wp-json\/wp\/v2\/users\/1"}],"replies":[{"embeddable":true,"href":"https:\/\/turac.com.tr\/tr\/wp-json\/wp\/v2\/comments?post=7629"}],"version-history":[{"count":29,"href":"https:\/\/turac.com.tr\/tr\/wp-json\/wp\/v2\/pages\/7629\/revisions"}],"predecessor-version":[{"id":8353,"href":"https:\/\/turac.com.tr\/tr\/wp-json\/wp\/v2\/pages\/7629\/revisions\/8353"}],"wp:attachment":[{"href":"https:\/\/turac.com.tr\/tr\/wp-json\/wp\/v2\/media?parent=7629"}],"curies":[{"name":"wp","href":"https:\/\/api.w.org\/{rel}","templated":true}]}}