{"id":7335,"date":"2025-04-17T13:09:44","date_gmt":"2025-04-17T13:09:44","guid":{"rendered":"https:\/\/turac.com.tr\/?page_id=7335"},"modified":"2026-04-30T13:25:38","modified_gmt":"2026-04-30T13:25:38","slug":"management","status":"publish","type":"page","link":"https:\/\/turac.com.tr\/tr\/management\/","title":{"rendered":"Management"},"content":{"rendered":"\t\t<div data-elementor-type=\"wp-page\" data-elementor-id=\"7335\" class=\"elementor elementor-7335\">\n\t\t\t\t        <section class=\"elementor-section elementor-top-section elementor-element elementor-element-cc9e760 elementor-section-stretched elementor-section-boxed elementor-section-height-default elementor-section-height-default pxl-row-scroll-none pxl-bg-color-none pxl-section-overlay-none\" data-id=\"cc9e760\" data-element_type=\"section\" data-e-type=\"section\" data-settings=\"{&quot;stretch_section&quot;:&quot;section-stretched&quot;}\">\n\n                \n                <div class=\"elementor-container elementor-column-gap-extended \">\n                <div class=\"elementor-column elementor-col-100 elementor-top-column elementor-element elementor-element-c7d58d6 pxl-column-none pxl-column-overflow-hidden-no\" data-id=\"c7d58d6\" data-element_type=\"column\" data-e-type=\"column\">\r\n        <div class=\"elementor-widget-wrap elementor-element-populated\">\r\n                     \r\n        \t\t<div class=\"elementor-element elementor-element-7bf7de8 elementor-widget elementor-widget-pxl_team_grid\" data-id=\"7bf7de8\" data-element_type=\"widget\" data-e-type=\"widget\" data-widget_type=\"pxl_team_grid.default\">\n\t\t\t\t<div class=\"elementor-widget-container\">\n\t\t\t\t\t    <div class=\"pxl-grid pxl-team-grid pxl-team-grid1 pxl-team-style1\">\r\n        <div class=\"pxl-grid-inner pxl-grid-masonry row\" data-gutter=\"15\">\r\n                            <div class=\"pxl-grid-item col-xl-4 col-lg-4 col-md-6 col-sm-6 col-12\">\r\n                    <div class=\"pxl-item--inner \">\r\n                                                    <div class=\"pxl-item--image\">\r\n                                <img decoding=\"async\" width=\"150\" height=\"150\" src=\"https:\/\/turac.com.tr\/wp-content\/uploads\/2025\/04\/m-saim-altunbas-150x150-1.jpg\" class=\"no-lazyload attachment-full\" alt=\"\" \/>                                <a href=\"https:\/\/turac.com.tr\/team-details\/\"><\/a>\r\n                                                                    <div class=\"pxl-item--social\">\r\n                                                                                                                            <a href=\"#\" target=\"_blank\"><i class=\"fab fa-facebook-f\"><\/i><\/a>\r\n                                                                                    <a href=\"#\" target=\"_blank\"><i class=\"fab fa-twitter\"><\/i><\/a>\r\n                                                                                    <a href=\"#\" target=\"_blank\"><i class=\"fab fa-linkedin-in\"><\/i><\/a>\r\n                                                                                    <a href=\"#\" target=\"_blank\"><i class=\"fab fa-instagram\"><\/i><\/a>\r\n                                                                            <\/div>\r\n                                                            <\/div>\r\n                                                <div class=\"pxl-item-content\">\r\n                            <div class=\"pxl-item--holder\">\r\n                                <h3 class=\"pxl-item--title\">\r\n                                    <a href=\"https:\/\/turac.com.tr\/team-details\/\">M. Saim ALTUNBA\u015e<\/a>\r\n                                <\/h3>\r\n                                <div class=\"pxl-item--position\">Kurucu<\/div>\r\n                            <\/div>\r\n                        <\/div>\r\n                   <\/div>\r\n                <\/div>\r\n                            <div class=\"pxl-grid-item col-xl-4 col-lg-4 col-md-6 col-sm-6 col-12\">\r\n                    <div class=\"pxl-item--inner \">\r\n                                                    <div class=\"pxl-item--image\">\r\n                                <img fetchpriority=\"high\" decoding=\"async\" width=\"600\" height=\"600\" src=\"https:\/\/turac.com.tr\/wp-content\/uploads\/2025\/04\/dd9f8f45-ebb1-45f2-b673-82306241810f-600x600-1.jpg\" class=\"no-lazyload attachment-full\" alt=\"\" \/>                                <a href=\"https:\/\/turac.com.tr\/team-details\/\"><\/a>\r\n                                                                    <div class=\"pxl-item--social\">\r\n                                                                                                                            <a href=\"#\" target=\"_blank\"><i class=\"fab fa-facebook-f\"><\/i><\/a>\r\n                                                                                    <a href=\"#\" target=\"_blank\"><i class=\"fab fa-twitter\"><\/i><\/a>\r\n                                                                                    <a href=\"#\" target=\"_blank\"><i class=\"fab fa-linkedin-in\"><\/i><\/a>\r\n                                                                                    <a href=\"#\" target=\"_blank\"><i class=\"fab fa-instagram\"><\/i><\/a>\r\n                                                                            <\/div>\r\n                                                            <\/div>\r\n                                                <div class=\"pxl-item-content\">\r\n                            <div class=\"pxl-item--holder\">\r\n                                <h3 class=\"pxl-item--title\">\r\n                                    <a href=\"https:\/\/turac.com.tr\/team-details\/\">Fatih ALTUNBA\u015e<\/a>\r\n                                <\/h3>\r\n                                <div class=\"pxl-item--position\">Genel M\u00fcd\u00fcrr<\/div>\r\n                            <\/div>\r\n                        <\/div>\r\n                   <\/div>\r\n                <\/div>\r\n                            <div class=\"pxl-grid-item col-xl-4 col-lg-4 col-md-6 col-sm-6 col-12\">\r\n                    <div class=\"pxl-item--inner \">\r\n                                                    <div class=\"pxl-item--image\">\r\n                                <img decoding=\"async\" width=\"128\" height=\"128\" src=\"https:\/\/turac.com.tr\/wp-content\/uploads\/2025\/04\/aa-e1743852761217.png\" class=\"no-lazyload attachment-full\" alt=\"\" \/>                                <a href=\"https:\/\/turac.com.tr\/team-details\/\"><\/a>\r\n                                                                    <div class=\"pxl-item--social\">\r\n                                                                                                                            <a href=\"#\" target=\"_blank\"><i class=\"fab fa-facebook-f\"><\/i><\/a>\r\n                                                                                    <a href=\"#\" target=\"_blank\"><i class=\"fab fa-twitter\"><\/i><\/a>\r\n                                                                                    <a href=\"#\" target=\"_blank\"><i class=\"fab fa-linkedin-in\"><\/i><\/a>\r\n                                                                                    <a href=\"#\" target=\"_blank\"><i class=\"fab fa-instagram\"><\/i><\/a>\r\n                                                                            <\/div>\r\n                                                            <\/div>\r\n                                                <div class=\"pxl-item-content\">\r\n                            <div class=\"pxl-item--holder\">\r\n                                <h3 class=\"pxl-item--title\">\r\n                                    <a href=\"https:\/\/turac.com.tr\/team-details\/\">Ahmet AK\u015eAH\u0130N<\/a>\r\n                                <\/h3>\r\n                                <div class=\"pxl-item--position\">Genel M\u00fcd\u00fcr Yard\u0131mc\u0131s\u0131<\/div>\r\n                            <\/div>\r\n                        <\/div>\r\n                   <\/div>\r\n                <\/div>\r\n                        <div class=\"grid-sizer col-xl-4 col-lg-4 col-md-6 col-sm-6 col-12\"><\/div>\r\n        <\/div>\r\n    <\/div>\r\n\t\t\t\t<\/div>\n\t\t\t\t<\/div>\n\t\t            <\/div>\r\n        <\/div>\r\n        \t\t\t<\/div>\n\t\t<\/section>\n\t\t\t\t<\/div>\n\t\t","protected":false},"excerpt":{"rendered":"","protected":false},"author":1,"featured_media":0,"parent":0,"menu_order":0,"comment_status":"closed","ping_status":"closed","template":"","meta":{"footnotes":""},"class_list":["post-7335","page","type-page","status-publish","hentry"],"_links":{"self":[{"href":"https:\/\/turac.com.tr\/tr\/wp-json\/wp\/v2\/pages\/7335","targetHints":{"allow":["GET"]}}],"collection":[{"href":"https:\/\/turac.com.tr\/tr\/wp-json\/wp\/v2\/pages"}],"about":[{"href":"https:\/\/turac.com.tr\/tr\/wp-json\/wp\/v2\/types\/page"}],"author":[{"embeddable":true,"href":"https:\/\/turac.com.tr\/tr\/wp-json\/wp\/v2\/users\/1"}],"replies":[{"embeddable":true,"href":"https:\/\/turac.com.tr\/tr\/wp-json\/wp\/v2\/comments?post=7335"}],"version-history":[{"count":1,"href":"https:\/\/turac.com.tr\/tr\/wp-json\/wp\/v2\/pages\/7335\/revisions"}],"predecessor-version":[{"id":7336,"href":"https:\/\/turac.com.tr\/tr\/wp-json\/wp\/v2\/pages\/7335\/revisions\/7336"}],"wp:attachment":[{"href":"https:\/\/turac.com.tr\/tr\/wp-json\/wp\/v2\/media?parent=7335"}],"curies":[{"name":"wp","href":"https:\/\/api.w.org\/{rel}","templated":true}]}}