{"id":177,"date":"2024-03-13T07:59:06","date_gmt":"2024-03-13T07:59:06","guid":{"rendered":"https:\/\/demo.bravisthemes.com\/americ\/?page_id=177"},"modified":"2024-03-13T07:59:06","modified_gmt":"2024-03-13T07:59:06","slug":"blog-grid-4-columns","status":"publish","type":"page","link":"https:\/\/turac.com.tr\/tr\/blog-grid-4-columns\/","title":{"rendered":"Blog Grid 4 Columns"},"content":{"rendered":"\t\t<div data-elementor-type=\"wp-page\" data-elementor-id=\"177\" class=\"elementor elementor-177\">\n\t\t\t\t        <section class=\"elementor-section elementor-top-section elementor-element elementor-element-f8285f7 elementor-section-stretched elementor-section-full_width elementor-section-height-default elementor-section-height-default pxl-row-scroll-none pxl-full-content-with-space-none pxl-bg-color-none pxl-section-overlay-none\" data-id=\"f8285f7\" data-element_type=\"section\" data-e-type=\"section\" data-settings=\"{&quot;stretch_section&quot;:&quot;section-stretched&quot;}\">\n\n                \n                <div class=\"elementor-container elementor-column-gap-extended \">\n                <div class=\"elementor-column elementor-col-100 elementor-top-column elementor-element elementor-element-234199a pxl-column-none pxl-column-overflow-hidden-no\" data-id=\"234199a\" data-element_type=\"column\" data-e-type=\"column\">\r\n        <div class=\"elementor-widget-wrap elementor-element-populated\">\r\n                     \r\n        \t\t<div class=\"elementor-element elementor-element-e96e5e5 pxl-post-layout-post-1 elementor-widget elementor-widget-pxl_post_grid\" data-id=\"e96e5e5\" data-element_type=\"widget\" data-e-type=\"widget\" data-widget_type=\"pxl_post_grid.default\">\n\t\t\t\t<div class=\"elementor-widget-container\">\n\t\t\t\t\t\n<div id=\"pxl_post_grid-e96e5e5-5723\" class=\"pxl-grid pxl-blog-grid pxl-blog-grid-layout1 pxl-blog-style1\" data-layout=\"masonry\" data-start-page=\"1\" data-max-pages=\"3\" data-total=\"22\" data-perpage=\"8\" data-next-link=\"https:\/\/turac.com.tr\/tr\/wp-json\/wp\/v2\/pages\/177\/page\/2\/\">\n    \n    <div class=\"pxl-grid-inner pxl-grid-masonry row\" data-gutter=\"15\">\n                    <div class=\"pxl-grid-item col-xl-3 col-lg-4 col-md-6 col-sm-6 col-12 genel-tr genel-en\">\n                <div class=\"pxl-item--inner \" data-wow-duration=\"1.2s\">\n                                        <div class=\"pxl-item-thumbnail\">\n                        <div class=\"pxl-item--featured\">\n                            <a href=\"https:\/\/turac.com.tr\/tr\/yapay-zeka-ile-stratejik-ustunluk-turkiyenin-savunma-teknolojilerinde-yeni-donem\/\"><img fetchpriority=\"high\" decoding=\"async\" class=\"no-lazyload \" src=\"https:\/\/turac.com.tr\/wp-content\/uploads\/2026\/04\/braind_conference_1-760x750.jpg\" width=\"760\" height=\"750\" alt=\"\" title=\"\" \/><\/a>\n                        <\/div>\n                    <\/div>\n                                        <div class=\"pxl-item--holder\">\n                        <div class=\"pxl-date\">\n                                                            <span class=\"pxl-item--date\">\n                                    Posted on:  Nisan 27, 2026       \n                                <\/span>\n                                                    <\/div>\n                        <h3 class=\"pxl-item--title\"><a href=\"https:\/\/turac.com.tr\/tr\/yapay-zeka-ile-stratejik-ustunluk-turkiyenin-savunma-teknolojilerinde-yeni-donem\/\">Yapay Zeka ile Stratejik \u00dcst\u00fcnl\u00fck: T\u00fcrkiye\u2019nin Savunma Teknolojilerinde Yeni D\u00f6nem<\/a><\/h3>\n                    <\/div>\n                <\/div>\n            <\/div>\n                    <div class=\"pxl-grid-item col-xl-3 col-lg-4 col-md-6 col-sm-6 col-12 genel-tr genel-en\">\n                <div class=\"pxl-item--inner \" data-wow-duration=\"1.2s\">\n                                        <div class=\"pxl-item-thumbnail\">\n                        <div class=\"pxl-item--featured\">\n                            <a href=\"https:\/\/turac.com.tr\/tr\/nra-2026-houston-texas\/\"><img decoding=\"async\" class=\"no-lazyload \" src=\"https:\/\/turac.com.tr\/wp-content\/uploads\/2026\/04\/nra_fuar_gorseli-760x750.jpg\" width=\"760\" height=\"750\" alt=\"\" title=\"\" \/><\/a>\n                        <\/div>\n                    <\/div>\n                                        <div class=\"pxl-item--holder\">\n                        <div class=\"pxl-date\">\n                                                            <span class=\"pxl-item--date\">\n                                    Posted on:  Nisan 20, 2026       \n                                <\/span>\n                                                    <\/div>\n                        <h3 class=\"pxl-item--title\"><a href=\"https:\/\/turac.com.tr\/tr\/nra-2026-houston-texas\/\">NRA 2026 Houston\/Texas<\/a><\/h3>\n                    <\/div>\n                <\/div>\n            <\/div>\n                    <div class=\"pxl-grid-item col-xl-3 col-lg-4 col-md-6 col-sm-6 col-12 genel-tr\">\n                <div class=\"pxl-item--inner \" data-wow-duration=\"1.2s\">\n                                        <div class=\"pxl-item-thumbnail\">\n                        <div class=\"pxl-item--featured\">\n                            <a href=\"https:\/\/turac.com.tr\/tr\/musiad-tusas-tedarikci-etkinligi-altin-sponsoru-turac\/\"><img decoding=\"async\" class=\"no-lazyload \" src=\"https:\/\/turac.com.tr\/wp-content\/uploads\/2026\/04\/004-800x750.jpeg\" width=\"800\" height=\"750\" alt=\"004\" title=\"004\" \/><\/a>\n                        <\/div>\n                    <\/div>\n                                        <div class=\"pxl-item--holder\">\n                        <div class=\"pxl-date\">\n                                                            <span class=\"pxl-item--date\">\n                                    Posted on:  Nisan 1, 2026       \n                                <\/span>\n                                                    <\/div>\n                        <h3 class=\"pxl-item--title\"><a href=\"https:\/\/turac.com.tr\/tr\/musiad-tusas-tedarikci-etkinligi-altin-sponsoru-turac\/\">M\u00dcS\u0130AD-TUSA\u015e Tedarik\u00e7i Etkinli\u011fi Alt\u0131n Sponsoru TURA\u00c7<\/a><\/h3>\n                    <\/div>\n                <\/div>\n            <\/div>\n                    <div class=\"pxl-grid-item col-xl-3 col-lg-4 col-md-6 col-sm-6 col-12 genel-tr\">\n                <div class=\"pxl-item--inner \" data-wow-duration=\"1.2s\">\n                                        <div class=\"pxl-item-thumbnail\">\n                        <div class=\"pxl-item--featured\">\n                            <a href=\"https:\/\/turac.com.tr\/tr\/iwa-outdoor-classics-2026\/\"><img loading=\"lazy\" decoding=\"async\" class=\"no-lazyload \" src=\"https:\/\/turac.com.tr\/wp-content\/uploads\/2026\/03\/iwa-800x750.jpg\" width=\"800\" height=\"750\" alt=\"\" title=\"\" \/><\/a>\n                        <\/div>\n                    <\/div>\n                                        <div class=\"pxl-item--holder\">\n                        <div class=\"pxl-date\">\n                                                            <span class=\"pxl-item--date\">\n                                    Posted on:  Mart 2, 2026       \n                                <\/span>\n                                                    <\/div>\n                        <h3 class=\"pxl-item--title\"><a href=\"https:\/\/turac.com.tr\/tr\/iwa-outdoor-classics-2026\/\">IWA Outdoor Classics 2026<\/a><\/h3>\n                    <\/div>\n                <\/div>\n            <\/div>\n                    <div class=\"pxl-grid-item col-xl-3 col-lg-4 col-md-6 col-sm-6 col-12 genel-tr\">\n                <div class=\"pxl-item--inner \" data-wow-duration=\"1.2s\">\n                                        <div class=\"pxl-item-thumbnail\">\n                        <div class=\"pxl-item--featured\">\n                            <a href=\"https:\/\/turac.com.tr\/tr\/wds-2026-world-defense-show\/\"><img loading=\"lazy\" decoding=\"async\" class=\"no-lazyload \" src=\"https:\/\/turac.com.tr\/wp-content\/uploads\/2026\/02\/F2oqv-103_905373979534.jpg-800x750.jpeg\" width=\"800\" height=\"750\" alt=\"F2oqv-103_905373979534.jpg\" title=\"F2oqv-103_905373979534.jpg\" \/><\/a>\n                        <\/div>\n                    <\/div>\n                                        <div class=\"pxl-item--holder\">\n                        <div class=\"pxl-date\">\n                                                            <span class=\"pxl-item--date\">\n                                    Posted on:  \u015eubat 13, 2026       \n                                <\/span>\n                                                    <\/div>\n                        <h3 class=\"pxl-item--title\"><a href=\"https:\/\/turac.com.tr\/tr\/wds-2026-world-defense-show\/\">WDS 2026 &#8211; World Defense Show<\/a><\/h3>\n                    <\/div>\n                <\/div>\n            <\/div>\n                    <div class=\"pxl-grid-item col-xl-3 col-lg-4 col-md-6 col-sm-6 col-12 genel-tr\">\n                <div class=\"pxl-item--inner \" data-wow-duration=\"1.2s\">\n                                        <div class=\"pxl-item-thumbnail\">\n                        <div class=\"pxl-item--featured\">\n                            <a href=\"https:\/\/turac.com.tr\/tr\/genel-mudurumuz-fatih-altunbasin-shot-show-2026-fuarinda-verdigi-sektor-ozel-roportaji\/\"><img loading=\"lazy\" decoding=\"async\" class=\"no-lazyload \" src=\"https:\/\/turac.com.tr\/wp-content\/uploads\/2026\/02\/vlcsnap-2026-02-13-10h47m06s040-scaled-800x750.png\" width=\"800\" height=\"750\" alt=\"\" title=\"\" \/><\/a>\n                        <\/div>\n                    <\/div>\n                                        <div class=\"pxl-item--holder\">\n                        <div class=\"pxl-date\">\n                                                            <span class=\"pxl-item--date\">\n                                    Posted on:  \u015eubat 13, 2026       \n                                <\/span>\n                                                    <\/div>\n                        <h3 class=\"pxl-item--title\"><a href=\"https:\/\/turac.com.tr\/tr\/genel-mudurumuz-fatih-altunbasin-shot-show-2026-fuarinda-verdigi-sektor-ozel-roportaji\/\">Genel M\u00fcd\u00fcr\u00fcm\u00fcz Fatih ALTUNBA\u015e&#8217;\u0131n Shot Show 2026 \u00f6zel r\u00f6portaj\u0131<\/a><\/h3>\n                    <\/div>\n                <\/div>\n            <\/div>\n                    <div class=\"pxl-grid-item col-xl-3 col-lg-4 col-md-6 col-sm-6 col-12 genel-tr\">\n                <div class=\"pxl-item--inner \" data-wow-duration=\"1.2s\">\n                                        <div class=\"pxl-item-thumbnail\">\n                        <div class=\"pxl-item--featured\">\n                            <a href=\"https:\/\/turac.com.tr\/tr\/turkiye-misir-ve-turkiye-suudi-arabistan-yatirim-forumlari\/\"><img loading=\"lazy\" decoding=\"async\" class=\"no-lazyload \" src=\"https:\/\/turac.com.tr\/wp-content\/uploads\/2026\/02\/005-800x750.jpeg\" width=\"800\" height=\"750\" alt=\"005\" title=\"005\" \/><\/a>\n                        <\/div>\n                    <\/div>\n                                        <div class=\"pxl-item--holder\">\n                        <div class=\"pxl-date\">\n                                                            <span class=\"pxl-item--date\">\n                                    Posted on:  \u015eubat 5, 2026       \n                                <\/span>\n                                                    <\/div>\n                        <h3 class=\"pxl-item--title\"><a href=\"https:\/\/turac.com.tr\/tr\/turkiye-misir-ve-turkiye-suudi-arabistan-yatirim-forumlari\/\">T\u00fcrkiye-M\u0131s\u0131r ve T\u00fcrkiye-Suudi Arabistan Yat\u0131r\u0131m Forumlar\u0131<\/a><\/h3>\n                    <\/div>\n                <\/div>\n            <\/div>\n                    <div class=\"pxl-grid-item col-xl-3 col-lg-4 col-md-6 col-sm-6 col-12 genel-tr\">\n                <div class=\"pxl-item--inner \" data-wow-duration=\"1.2s\">\n                                        <div class=\"pxl-item-thumbnail\">\n                        <div class=\"pxl-item--featured\">\n                            <a href=\"https:\/\/turac.com.tr\/tr\/shot-show-2026\/\"><img loading=\"lazy\" decoding=\"async\" class=\"no-lazyload \" src=\"https:\/\/turac.com.tr\/wp-content\/uploads\/2026\/01\/BiP-image-2026-01-21-amt-08.31.21-scaled-e1769511893342-800x750.jpg\" width=\"800\" height=\"750\" alt=\"\" title=\"\" \/><\/a>\n                        <\/div>\n                    <\/div>\n                                        <div class=\"pxl-item--holder\">\n                        <div class=\"pxl-date\">\n                                                            <span class=\"pxl-item--date\">\n                                    Posted on:  Ocak 28, 2026       \n                                <\/span>\n                                                    <\/div>\n                        <h3 class=\"pxl-item--title\"><a href=\"https:\/\/turac.com.tr\/tr\/shot-show-2026\/\">SHOT Show 2026<\/a><\/h3>\n                    <\/div>\n                <\/div>\n            <\/div>\n                <div class=\"grid-sizer col-xl-3 col-lg-4 col-md-6 col-sm-6 col-12\"><\/div>\n    <\/div>\n            <div class=\"pxl-grid-pagination\" data-loadmore=\"{&quot;tax&quot;:[&quot;category&quot;],&quot;post_type&quot;:&quot;post&quot;,&quot;layout&quot;:&quot;post-1&quot;,&quot;startPage&quot;:1,&quot;maxPages&quot;:3,&quot;total&quot;:22,&quot;perpage&quot;:8,&quot;nextLink&quot;:&quot;https:\\\/\\\/turac.com.tr\\\/tr\\\/wp-json\\\/wp\\\/v2\\\/pages\\\/177\\\/page\\\/2\\\/&quot;,&quot;source&quot;:&quot;&quot;,&quot;orderby&quot;:&quot;date&quot;,&quot;order&quot;:&quot;desc&quot;,&quot;limit&quot;:8,&quot;post_ids&quot;:[],&quot;col_xl&quot;:3,&quot;col_lg&quot;:4,&quot;col_md&quot;:6,&quot;col_sm&quot;:6,&quot;col_xs&quot;:12,&quot;pagination_type&quot;:&quot;pagination&quot;,&quot;show_date&quot;:&quot;true&quot;,&quot;img_size&quot;:&quot;&quot;,&quot;grid_masonry&quot;:&quot;&quot;,&quot;pxl_animate&quot;:&quot;&quot;}\" data-query=\"{&quot;post_type&quot;:&quot;post&quot;,&quot;post_status&quot;:&quot;publish&quot;,&quot;posts_per_page&quot;:8,&quot;order&quot;:&quot;desc&quot;,&quot;orderby&quot;:&quot;date&quot;,&quot;tax_query&quot;:{&quot;relation&quot;:&quot;OR&quot;},&quot;post__not_in&quot;:[177]}\">\n                        <nav class=\"pxl-pagination-wrap ajax\">\n                <div class=\"pxl-pagination-links\">\n                    <span aria-label=\"Sayfa 1\" aria-current=\"page\" class=\"page-numbers current\">1<\/span>\n<a aria-label=\"Sayfa 2\" class=\"page-numbers\" href=\"#2\">2<\/a>\n<a aria-label=\"Sayfa 3\" class=\"page-numbers\" href=\"#3\">3<\/a>\n<a class=\"next page-numbers\" href=\"#2\"><i class=\"fal flaticon-right\"><\/i><\/a>                <\/div>\n            <\/nav>\n                    <\/div>\n        <\/div>\t\t\t\t<\/div>\n\t\t\t\t<\/div>\n\t\t            <\/div>\r\n        <\/div>\r\n        \t\t\t<\/div>\n\t\t<\/section>\n\t\t\t\t<\/div>\n\t\t","protected":false},"excerpt":{"rendered":"<p>Posted on: March 13, 2024 New Consulting For All Kind Offer Finance Posted on: March 13, 2024 Questions every business owner able to Posted on: March 13, 2024 A Business Consulting That Can Produce Posted on: March 12, 2024 Food industry leaders often change their. Posted on: March 12, 2024 What we are capable to [&hellip;]<\/p>\n","protected":false},"author":1,"featured_media":0,"parent":0,"menu_order":0,"comment_status":"closed","ping_status":"closed","template":"","meta":{"footnotes":""},"class_list":["post-177","page","type-page","status-publish","hentry"],"_links":{"self":[{"href":"https:\/\/turac.com.tr\/tr\/wp-json\/wp\/v2\/pages\/177","targetHints":{"allow":["GET"]}}],"collection":[{"href":"https:\/\/turac.com.tr\/tr\/wp-json\/wp\/v2\/pages"}],"about":[{"href":"https:\/\/turac.com.tr\/tr\/wp-json\/wp\/v2\/types\/page"}],"author":[{"embeddable":true,"href":"https:\/\/turac.com.tr\/tr\/wp-json\/wp\/v2\/users\/1"}],"replies":[{"embeddable":true,"href":"https:\/\/turac.com.tr\/tr\/wp-json\/wp\/v2\/comments?post=177"}],"version-history":[{"count":0,"href":"https:\/\/turac.com.tr\/tr\/wp-json\/wp\/v2\/pages\/177\/revisions"}],"wp:attachment":[{"href":"https:\/\/turac.com.tr\/tr\/wp-json\/wp\/v2\/media?parent=177"}],"curies":[{"name":"wp","href":"https:\/\/api.w.org\/{rel}","templated":true}]}}