{"id":7090,"date":"2025-04-08T06:32:41","date_gmt":"2025-04-08T06:32:41","guid":{"rendered":"https:\/\/turac.com.tr\/?post_type=product&#038;p=7090"},"modified":"2025-05-16T13:08:58","modified_gmt":"2025-05-16T13:08:58","slug":"victory-sport-9mm-ses-fisegi","status":"publish","type":"product","link":"https:\/\/turac.com.tr\/en\/product\/victory-sport-9mm-ses-fisegi\/","title":{"rendered":"VICTORY SPORT 9mm Sound Cartridge"},"content":{"rendered":"","protected":false},"excerpt":{"rendered":"<p>Ger\u00e7ek mermiden beklenen ses ve g\u00f6r\u00fcnt\u00fc \u00f6zelliklerine haiz olacak \u015fekilde \u00fcretilmi\u015ftir. Her t\u00fcrl\u00fc kurus\u0131k\u0131 silahta g\u00fcvenle kullan\u0131labilir. G\u00f6vdesi metal \u00fczerine pirin\u00e7 kaplamad\u0131r.<\/p>","protected":false},"featured_media":7091,"comment_status":"open","ping_status":"closed","template":"","meta":[],"product_brand":[31],"product_cat":[35,36],"product_tag":[34],"class_list":{"0":"post-7090","1":"product","2":"type-product","3":"status-publish","4":"has-post-thumbnail","6":"product_brand-v-sport","7":"product_cat-victory-sport-tr","8":"product_cat-victory-sport-ses-fisekleri-tr","9":"product_tag-ses-mermisi","11":"first","12":"instock","13":"shipping-taxable","14":"product-type-simple"},"_links":{"self":[{"href":"https:\/\/turac.com.tr\/en\/wp-json\/wp\/v2\/product\/7090","targetHints":{"allow":["GET"]}}],"collection":[{"href":"https:\/\/turac.com.tr\/en\/wp-json\/wp\/v2\/product"}],"about":[{"href":"https:\/\/turac.com.tr\/en\/wp-json\/wp\/v2\/types\/product"}],"replies":[{"embeddable":true,"href":"https:\/\/turac.com.tr\/en\/wp-json\/wp\/v2\/comments?post=7090"}],"version-history":[{"count":2,"href":"https:\/\/turac.com.tr\/en\/wp-json\/wp\/v2\/product\/7090\/revisions"}],"predecessor-version":[{"id":7977,"href":"https:\/\/turac.com.tr\/en\/wp-json\/wp\/v2\/product\/7090\/revisions\/7977"}],"wp:featuredmedia":[{"embeddable":true,"href":"https:\/\/turac.com.tr\/en\/wp-json\/wp\/v2\/media\/7091"}],"wp:attachment":[{"href":"https:\/\/turac.com.tr\/en\/wp-json\/wp\/v2\/media?parent=7090"}],"wp:term":[{"taxonomy":"product_brand","embeddable":true,"href":"https:\/\/turac.com.tr\/en\/wp-json\/wp\/v2\/product_brand?post=7090"},{"taxonomy":"product_cat","embeddable":true,"href":"https:\/\/turac.com.tr\/en\/wp-json\/wp\/v2\/product_cat?post=7090"},{"taxonomy":"product_tag","embeddable":true,"href":"https:\/\/turac.com.tr\/en\/wp-json\/wp\/v2\/product_tag?post=7090"}],"curies":[{"name":"wp","href":"https:\/\/api.w.org\/{rel}","templated":true}]}}