{"id":7710,"date":"2025-04-25T05:29:34","date_gmt":"2025-04-25T05:29:34","guid":{"rendered":"https:\/\/turac.com.tr\/?page_id=7710"},"modified":"2025-09-19T07:32:03","modified_gmt":"2025-09-19T07:32:03","slug":"kalite-politikamiz","status":"publish","type":"page","link":"https:\/\/turac.com.tr\/en\/kalite-politikamiz\/","title":{"rendered":"Company Policies"},"content":{"rendered":"<div data-elementor-type=\"wp-page\" data-elementor-id=\"7710\" class=\"elementor elementor-7710\">\n\t\t\t\t        <section class=\"elementor-section elementor-top-section elementor-element elementor-element-c038422 elementor-section-boxed elementor-section-height-default elementor-section-height-default pxl-row-scroll-none pxl-bg-color-none pxl-section-overlay-none\" data-id=\"c038422\" data-element_type=\"section\" data-e-type=\"section\">\n\n                \n                <div class=\"elementor-container elementor-column-gap-default\">\n                <div class=\"elementor-column elementor-col-100 elementor-top-column elementor-element elementor-element-eba9522 pxl-column-none pxl-column-overflow-hidden-no\" data-id=\"eba9522\" data-element_type=\"column\" data-e-type=\"column\">\r\n        <div class=\"elementor-widget-wrap elementor-element-populated\">\r\n                     \r\n        \t\t<div class=\"elementor-element elementor-element-375c642 elementor-widget elementor-widget-pxl_text_editor\" data-id=\"375c642\" data-element_type=\"widget\" data-e-type=\"widget\" data-widget_type=\"pxl_text_editor.default\">\n\t\t\t\t<div class=\"elementor-widget-container\">\n\t\t\t\t\t<div id=\"pxl_text_editor-375c642-4079\" class=\"pxl-image-wg\" duration=\"1\">\n\t<div class=\"pxl-text-editor\">\n\t\t<div class=\"pxl-item--inner\" data-wow-delay=\"ms\">\n\t\t\t<p><strong>COMPANY QUALITY POLICY<\/strong><\/p><p><strong>Turac Foreign Trade<\/strong><\/p><p>Our company, which was founded in 1987 by Mehmet Saim ALTUNBA\u015e, took its first step into the sector with hunting dealership. With the modern factory established in \u015eaban\u00f6z\u00fc\/\u00c7ank\u0131r\u0131 in 2008, the production process was started.<\/p><p>It is an international company that has obtained the first rifled cartridge production permit in Turkey in the defense industry, primarily for the hunting and shooting sectors, and that produces and sells small arms ammunition. In addition to the production of cartridges for hunting and sports purposes, it continues to produce ammunition for military and defense purposes in its facilities consisting of 18,000 square meters of closed area on 440 acres.<\/p><p>TURAC which has always contributed to the development of the hunting and shooting sector in T\u00fcrkiye with the sponsorship services it has performed; With the brands Sterling, Kaiser and V Sport, we are present in our country as well as in 5 continents It participates in the world's most important hunting, shooting and defense industry fairs held in more than 20 countries such as America, Germany, Russia, France, England, Brazil, Indonesia, Kuwait and Japan.<\/p><p>Having started its production life with 15 different product types, it continues today with more than 350 varieties of products.<\/p><p><strong>Vision:<\/strong><\/p><p>To be among the world's top five manufacturers in its field, with the reliability, quality, and variety of its own branded products in the international market, while preserving local and national values in its production. To be a prominent manufacturer with its environmentally and human-friendly policies.<\/p><p><strong>Mission:<\/strong><\/p><p>To provide added value to our stakeholders and business partners by producing and marketing competitive cartridges and ammunition domestically and internationally, using modern production techniques for the civilian market with products for hunting and sports, and for the defense industry with products for military and defense purposes.<\/p><p><strong>Quality policy<\/strong><\/p><p>Our company, operating in the field of Small Arms Ammunition for Military Purposes and Cartridges for Hunting and Sporting Purposes, with its Quality Policy;<\/p><p>\u2713\tFocus on customer satisfaction in line with our customers' demands,<\/p><p>\u2713\tWork in compliance with laws, regulations, standards, and the requirements of relevant parties,<\/p><p>\u2713\tCreate and maintain relationships based on mutual trust that meet the expectations of our customers, employees, and the public<\/p><p>\u2713\tContinuously improve our Quality Management system through continuous improvements,<\/p><p>\u2713\tControl the risk and opportunity assessments of our services and products within the boundaries of the Quality Management System,<\/p><p>\u2713\tBe an exemplary institution that respects society and the environment,<\/p><p>\u2713\tContribute to the national economy by continuously expanding our business volume,<\/p><p>\u2713\tComplete every order with the desired quality and on time,<\/p><p>\u2713\tFollow technological advancements and reduce costs,<\/p><p>\u2713\tContinuously improve existing systems by following sectoral developments,<\/p><p>\u2713\tManage our staff in the most efficient way through teamwork and shared goals, and enhance their competencies through training activities.<\/p><p><strong>OCCUPATIONAL HEALTH AND SAFETY POLICY<\/strong><\/p><p>Our company, operating in the field of Small Arms Ammunition for military purposes as well as cartridges for hunting and sporting purposes, undertakes the following within the scope of its Occupational Health and Safety Policy:<\/p><p>\u2713\tProvide services in compliance with legal obligations, applicable occupational health and safety legislation and the requirements of relevant parties,<\/p><p>\u2713\tIdentify and eliminate hazards, risks and near-miss incidents in the workplace,<\/p><p>\u2713\tTake proactive measures by making the necessary planning for possible emergency situations, identify and eliminate hazards, risks and near-miss incidents in the workplace,<\/p><p>\u2713\tTake all necessary measures to control hazards in activities through a risk management approach,<\/p><p>\u2713\tEnsure a safe and healthy working environment for employees, suppliers, and visitors,<\/p><p>\u2713 \tIncrease the awareness and consciousness of employees through health and safety training,<\/p><p>\u2713\tProvide occupational health and safety trainings to all employees during recruitment and at regular intervals throughout their employement and keep records of such training,<\/p><p>\u2713\tContinuously improve the Occupational Health and Safety Management System with the participation and feedback of employees at all levels.<\/p><p><strong>ENVIRONMENTAL POLICY<\/strong><\/p><p>Our company, operating in the field of Small Arms Ammunition for military purposes as well as cartridges for hunting and sporting purposes, with its Environmental Policy;<\/p><p>\u2713\tProvide services in compliance with legal obligations, requirements of the current environmental legislation, and in accordance with the requirements of relevant parties, within the framework of an environmtental management approach,<\/p><p>\u2713\tTake all necessary precautions to control hazards through a risk management approach in all activities,<\/p><p>\u2713\tReduce and\/or eliminate the environmental impacts arising from our operations,<\/p><p>\u2713\tIntegrate the Environmental Management System into our business processes and strategy, identify our environmental risks and opportunities, and take measures to minimize environmental risks,<\/p><p>\u2713\tAim at increasing the use of renewable energy sources and enhancing energy efficiency practices,<\/p><p>\u2713\tTake measures to ensure the efficient use of energy and natural resources,<\/p><p>\u2713\tProtect the ecological balance by carrying out activitie without causing harm to it,<\/p><p>\u2713\tMinimize waste at its source, reuse and recycle whenever possible, and ensure the safe disposal of non-recoverable waste through appropriate methods,<\/p><p>\u2713\tRaise environmental awareness in society and throughout our entire value chain in order to leave a clean and healthy environment for future generations,<\/p><p>\u2713\tContribute to the development of environmental awareness among relevant parties and continuously improve the Environmental Management System.<\/p>\t\t\n\t\t<\/div>\n\t<\/div>\n<\/div>\t\t\t\t<\/div>\n\t\t\t\t<\/div>\n\t\t            <\/div>\r\n        <\/div>\r\n        \t\t\t<\/div>\n\t\t<\/section>\n\t\t\t\t<\/div>","protected":false},"excerpt":{"rendered":"<p>\u015e\u0130RKET KAL\u0130TE POL\u0130T\u0130KASI Tura\u00e7 D\u0131\u015f Ticaret Ltd. \u015eti. 1987 y\u0131l\u0131nda Mehmet Saim ALTUNBA\u015e taraf\u0131ndan kurulan \u015firketimiz sekt\u00f6re ilk ad\u0131m\u0131n\u0131 av bayili\u011fi ile atm\u0131\u015ft\u0131r. 2008 y\u0131l\u0131nda \u015eaban\u00f6z\u00fc\/\u00c7ank\u0131r\u0131\u2019da kurulan modern fabrika ile \u00fcretim s\u00fcrecine ba\u015flanm\u0131\u015ft\u0131r. Av ve at\u0131c\u0131l\u0131k sekt\u00f6r\u00fc ba\u015fta olmak \u00fczere savunma sanayi alan\u0131nda T\u00fcrkiye\u2019de ilk yivli fi\u015fek \u00fcretim iznini alan, hafif silah m\u00fchimmat \u00fcretim ve [&hellip;]<\/p>","protected":false},"author":1,"featured_media":0,"parent":0,"menu_order":0,"comment_status":"closed","ping_status":"closed","template":"","meta":{"footnotes":""},"class_list":["post-7710","page","type-page","status-publish","hentry"],"_links":{"self":[{"href":"https:\/\/turac.com.tr\/en\/wp-json\/wp\/v2\/pages\/7710","targetHints":{"allow":["GET"]}}],"collection":[{"href":"https:\/\/turac.com.tr\/en\/wp-json\/wp\/v2\/pages"}],"about":[{"href":"https:\/\/turac.com.tr\/en\/wp-json\/wp\/v2\/types\/page"}],"author":[{"embeddable":true,"href":"https:\/\/turac.com.tr\/en\/wp-json\/wp\/v2\/users\/1"}],"replies":[{"embeddable":true,"href":"https:\/\/turac.com.tr\/en\/wp-json\/wp\/v2\/comments?post=7710"}],"version-history":[{"count":44,"href":"https:\/\/turac.com.tr\/en\/wp-json\/wp\/v2\/pages\/7710\/revisions"}],"predecessor-version":[{"id":8197,"href":"https:\/\/turac.com.tr\/en\/wp-json\/wp\/v2\/pages\/7710\/revisions\/8197"}],"wp:attachment":[{"href":"https:\/\/turac.com.tr\/en\/wp-json\/wp\/v2\/media?parent=7710"}],"curies":[{"name":"wp","href":"https:\/\/api.w.org\/{rel}","templated":true}]}}