{"id":7652,"date":"2025-04-24T07:15:49","date_gmt":"2025-04-24T07:15:49","guid":{"rendered":"https:\/\/turac.com.tr\/?page_id=7652"},"modified":"2025-04-24T07:21:14","modified_gmt":"2025-04-24T07:21:14","slug":"kvkk-basvuru-formu","status":"publish","type":"page","link":"https:\/\/turac.com.tr\/en\/kvkk-basvuru-formu\/","title":{"rendered":"KKVK Application Form"},"content":{"rendered":"<div data-elementor-type=\"wp-page\" data-elementor-id=\"7652\" class=\"elementor elementor-7652\">\n\t\t\t\t        <section class=\"elementor-section elementor-top-section elementor-element elementor-element-60bde99 elementor-section-boxed elementor-section-height-default elementor-section-height-default pxl-row-scroll-none pxl-bg-color-none pxl-section-overlay-none\" data-id=\"60bde99\" data-element_type=\"section\" data-e-type=\"section\">\n\n                \n                <div class=\"elementor-container elementor-column-gap-default\">\n                <div class=\"elementor-column elementor-col-100 elementor-top-column elementor-element elementor-element-d7070e2 pxl-column-none pxl-column-overflow-hidden-no\" data-id=\"d7070e2\" data-element_type=\"column\" data-e-type=\"column\">\r\n        <div class=\"elementor-widget-wrap elementor-element-populated\">\r\n                     \r\n        \t\t<div class=\"elementor-element elementor-element-9966c4a elementor-widget elementor-widget-pxl_text_editor\" data-id=\"9966c4a\" data-element_type=\"widget\" data-e-type=\"widget\" data-widget_type=\"pxl_text_editor.default\">\n\t\t\t\t<div class=\"elementor-widget-container\">\n\t\t\t\t\t<div id=\"pxl_text_editor-9966c4a-2878\" class=\"pxl-image-wg\" duration=\"1\">\n\t<div class=\"pxl-text-editor\">\n\t\t<div class=\"pxl-item--inner\" data-wow-delay=\"ms\">\n\t\t\t<h4>Tura\u00e7 D\u0131\u015f Ticaret Ltd. \u015eti.<\/h4><h4>Application Form<\/h4><p>1.\u00a0\u00a0\u00a0\u00a0\u00a0\u00a0<u>GENERAL<\/u><\/p><p><u>\u00a0<\/u><\/p><p>In order to be able to evaluate and resolve the applications to be made by you data owners pursuant to Articles 11 and 13 of the Personal Data Protection Law No. 6698 (KVKK), this Application Form is submitted to Tura\u00e7 D\u0131\u015f Tic. Ltd. \u015eti. prepared by.<\/p><p><u>\u00a0<\/u><\/p><p>2.\u00a0\u00a0\u00a0\u00a0\u00a0\u00a0<u>APPLICATION METHOD<\/u><\/p><p><u>\u00a0<\/u><\/p><p>You the data owners, pursuant to Articles 11 and 13 of the KVKK; You, the data owners, pursuant to Articles 11 and 13 of the KVKK;to our Company, which is the data controller bearing the title your requests regarding the implementation of KVKK, by filling out this form in writing or by other methods to be determined by the Board;<\/p><p>A signed copy of this Application Form, including the documents identifying your identity in the attachment, to An\u0131t Caddesi No: 8\/5, 06570, \u00c7ankaya \/ ANKARA  by hand delivery, or<\/p><p>A signed copy of this Application Form, attaching the documents identifying your identity, to An\u0131t Caddesi No: 8\/5, 06570, \u00c7ankaya \/ ANKARA  by registered mail with return receipt or by sending it through a notary public.<\/p><p>In accordance with the provisions of the KVKK, the date on which the application form reaches our Company is accepted as the application date for written applications.<\/p><p><u>\u00a0<\/u><\/p><p>3.\u00a0\u00a0\u00a0\u00a0\u00a0\u00a0<u>INFORMATION ABOUT THE DATA SUBJECT<\/u><\/p><p><u>\u00a0<\/u><\/p><p>In accordance with the PDPL, we kindly request that you fill in the following information completely so that the necessary research and evaluations regarding your application can be carried out in a healthy manner and analyses can be made on the subject:<\/p><table><tbody><tr><td width=\"196\"><p>Full Name*<\/p><\/td><td width=\"423\">\u00a0<\/td><\/tr><tr><td width=\"196\"><p>Turkish ID Number*<\/p><\/td><td width=\"423\">\u00a0<\/td><\/tr><tr><td width=\"196\"><p>Address*<\/p><\/td><td width=\"423\">\u00a0<\/td><\/tr><tr><td width=\"196\"><p>Telephone*<\/p><\/td><td width=\"423\">\u00a0<\/td><\/tr><tr><td width=\"196\"><p>Email Address*<\/p><\/td><td width=\"423\">\u00a0<\/td><\/tr><\/tbody><\/table><p><em>*Required fields<\/em><\/p><p><u>\u00a0<\/u><\/p><p>The personal data you have provided to us above is collected for the purpose of evaluating, finalizing and contacting you regarding this application form and is not subject to data processing for any other purpose. Please mark the appropriate option from the options below regarding your relationship with our company and indicate whether the current relationship is still ongoing in the field provided below.<\/p><table><tbody><tr><td width=\"215\"><p>Customer<\/p><\/td><td width=\"47\">\u00a0<\/td><td width=\"302\"><p>Employee Candidate<\/p><\/td><td width=\"54\">\u00a0<\/td><\/tr><tr><td width=\"215\"><p>Business Partner<\/p><\/td><td width=\"47\">\u00a0<\/td><td width=\"302\"><p>Employee<\/p><\/td><td width=\"54\">\u00a0<\/td><\/tr><tr><td width=\"215\"><p>Visitor<\/p><\/td><td width=\"47\">\u00a0<\/td><td width=\"302\"><p>Other (_____________________________)<\/p><\/td><td width=\"54\">\u00a0<\/td><\/tr><\/tbody><\/table><p>r\u00a0 My relationship with TSA Defense Inc. is ongoing as of the application date.<\/p><p>r\u00a0 My relationship with TSA Defense Inc. ended as of (___________).<\/p><p><u>\u00a0<\/u><\/p><p>4.\u00a0\u00a0\u00a0\u00a0\u00a0\u00a0<u>REQUESTS OF THE DATA SUBJECT<\/u><\/p><p><u>\u00a0<\/u><\/p><p>As a data owner, please tick the relevant box(es) in the list below for the situation(s) you would like to be informed about within the scope of Articles 11 and 13 of the PDPL<\/p><table width=\"718\"><tbody><tr><td width=\"406\"><p>Request<\/p><\/td><td width=\"236\"><p>Your Explanation<\/p><\/td><td width=\"76\"><p>Your Choice<\/p><\/td><\/tr><tr><td width=\"406\"><p>1. I want to know whether my personal data is processed by the Company. (PDPL Art. 11\/1(a))<\/p><\/td><td width=\"236\">\u00a0<\/td><td width=\"76\">\u00a0<\/td><\/tr><tr><td width=\"406\"><p>2. If my personal data is being processed, I request information regarding this processing activity. (PDPL Art. 11\/1(b))<\/p><\/td><td width=\"236\">\u00a0<\/td><td width=\"76\">\u00a0<\/td><\/tr><tr><td width=\"406\"><p>3. If my personal data is being processed, I want to know the purpose of this data processing and whether it is being used in accordance with the purpose of processing. (PDPL art. 11\/1(c) )<\/p><\/td><td width=\"236\">\u00a0<\/td><td width=\"76\">\u00a0<\/td><\/tr><tr><td width=\"406\"><p>4. Whether my personal data is being transferred to third parties domestically and\/or abroad, and if so, I request information about the third parties. (PDPL art. 11\/1(\u00e7) )<\/p><\/td><td width=\"236\">\u00a0<\/td><td width=\"76\">\u00a0<\/td><\/tr><tr><td width=\"406\"><p>5. I request correction of my personal data that is processed incompletely or incorrectly by the company \/ third parties to whom my personal data is transferred. (PDPL art. 11\/1(d))<\/p><p><em>Please send documents showing correct and complementary information regarding the personal data you want to be corrected (such as a copy of your ID card, residence, etc.)<\/em><\/p><\/td><td width=\"236\">\u00a0<\/td><td width=\"76\">\u00a0<\/td><\/tr><tr><td width=\"406\"><p>6. Although my personal data has been processed in accordance with the law and other relevant legal provisions, I believe that the reasons requiring processing have been eliminated and within this framework, my personal data;<\/p><p>a) I request its deletion<\/p><p>b) I request its destruction.<\/p><p>(PDPL art. 11\/1(e) )<\/p><\/td><td width=\"236\">\u00a0<\/td><td width=\"76\"><p>a)<\/p><p>b)<\/p><\/td><\/tr><tr><td width=\"406\"><p>7. I request that my personal data (Request No. 5), which I believe to be processed incompletely or incorrectly, be corrected by the third parties to whom it was transferred.<\/p><p>(PDPL Art. 11\/1(f) )<\/p><p><em>Please send documents showing correct and complementary information regarding the personal data you want to be corrected (such as a copy of your ID card, residence, etc.)<\/em><\/p><\/td><td width=\"236\">\u00a0<\/td><td width=\"76\">\u00a0<\/td><\/tr><tr><td width=\"406\"><p>8. Although my personal data has been processed in accordance with the law and other relevant legal provisions, I believe that the reasons requiring processing have been eliminated (Request No. 6) and within this framework, I request the following from the third parties to whom my personal data has been transferred;<\/p><p>a) I request its deletion<\/p><p>b) I request its destruction.<\/p><p>(PDPL Art. 11\/1(f) )<\/p><\/td><td width=\"236\">\u00a0<\/td><td width=\"76\"><p>a)<\/p><p>b)<\/p><\/td><\/tr><tr><td width=\"406\"><p>9. I believe that my personal data processed by your company is being analyzed exclusively through automated systems and that this analysis has resulted in a result that is against me. I object to this result.<\/p><p><em>Please write the analysis result that you think is against you and send the documents supporting your objection as an attachment.<\/em><\/p><p>(PDPL Art. 11\/1(g) )<\/p><\/td><td width=\"236\">\u00a0<\/td><td width=\"76\">\u00a0<\/td><\/tr><tr><td width=\"406\"><p>10. I have suffered damages due to the unlawful processing of my personal data. I request compensation for this damage.<\/p><p><em>Please write the matter that is the subject of the unlawful violation and send supporting documents as an attachment.<\/em><\/p><p>(PDPL Art. 11\/1(\u011f) )<\/p><\/td><td width=\"236\">\u00a0<\/td><td width=\"76\">\u00a0<\/td><\/tr><\/tbody><\/table><p>In applications to be made by third parties on behalf of the data owner, a notarized power of attorney must be sent to us along with this application form, and in applications to be made on behalf of children under custody\/guardianship, a copy of the documents proving the custody\/guardianship relationship must be sent to us along with this application form.<\/p><p>In order to ensure the security of your personal data, our Company may contact you within seven (7) days from the date your application for information reaches our Company in order to confirm that you are the data owner and may request certain information and documents from you in this regard. In this context, the information and documents you have provided to us will be destroyed immediately after confirmation that you are the data owner.<\/p><p>If the requested information and documents are incomplete, the information and documents must be completed and sent to us upon our request. The thirty (30) day period specified in Article 13\/2 of the PDPL for the completion of the request will be suspended until the information and documents are fully sent to us.<\/p><p><u>\u00a0<\/u><\/p><p>5.\u00a0\u00a0\u00a0\u00a0\u00a0\u00a0<u>FINALIZATION OF THE APPLICATION<\/u><\/p><p><u>\u00a0<\/u><\/p><p>In accordance with Article 13 of the PDPL, our Company will evaluate the application requests made by personal data owners and finalize them within thirty (30) days at the latest, as foreseen within the scope of the PDPL. No fee will be charged from the data owner for the requests. However, our Company reserves the right to charge a fee based on the fee schedule determined by the Personal Data Protection Board.<\/p><p>Our company may accept the application or reject it by explaining the reason for the reasons listed below and may notify the relevant person in writing or electronically. The application of the personal data owner may be rejected in the following cases:<\/p><p>\u00d8\u00a0 It prevents the rights and freedoms of others<\/p><p>\u00d8\u00a0 It requires disproportionate effort<\/p><p>\u00d8\u00a0 The information is public information<\/p><p>\u00d8\u00a0 It endangers the privacy of others<\/p><p>\u00d8\u00a0 One of the following situations that are not covered by the PDPL are present<\/p><p>Please indicate how you would like the application result to be delivered to you by the Company:<\/p><table><tbody><tr><td width=\"310\"><p>How to Report the Result Your Choice<\/p><\/td><td width=\"310\"><p>Your Choice<\/p><\/td><\/tr><tr><td width=\"310\"><p>I would like to receive it in person.<\/p><p>(<em>Vejaketeb tesk\u015fn akubnasu hak\u015fbdei b\u0131ter tasd\u015fjk\u015f vejaketbaneb\u015fb ya da yetj\u015f bekges\u015fb\u015fb sybyknasu gerejnejtedir<\/em>)<\/p><\/td><td width=\"310\">\u00a0<\/td><\/tr><tr><td width=\"310\"><p>I would like it sent to my postal address.<\/p><\/td><td width=\"310\">\u00a0<\/td><\/tr><tr><td width=\"310\"><p>I would like it sent to my email address.<\/p><\/td><td width=\"310\">\u00a0<\/td><\/tr><\/tbody><\/table><p>6.\u00a0\u00a0\u00a0\u00a0\u00a0\u00a0<u>STATEMENT OF THE DATA SUBJECT<\/u><\/p><p><u>\u00a0<\/u><\/p><p>In accordance with PDPL, I request that this application be evaluated and finalized in line with the requests I stated above. I declare and undertake that the information and documents I provided are accurate, up to date, and belong to me.<\/p><table><tbody><tr><td width=\"130\"><p>Data Subject:<\/p><\/td><td width=\"489\">\u00a0<\/td><\/tr><tr><td width=\"130\"><p>Full Name:<\/p><\/td><td width=\"489\">\u00a0<\/td><\/tr><tr><td width=\"130\"><p>Application Date:<\/p><\/td><td width=\"489\">\u00a0<\/td><\/tr><tr><td width=\"130\"><p>Signature:<\/p><\/td><td width=\"489\">\u00a0<\/td><\/tr><\/tbody><\/table><p><u>\u00a0<\/u><\/p><p><u>\u00a0<\/u><\/p><p><u>\u00a0<\/u><\/p><p><u>\u00a0<\/u><\/p><p><u>\u00a0<\/u><\/p><p>\u00a0<\/p>\t\t\n\t\t<\/div>\n\t<\/div>\n<\/div>\t\t\t\t<\/div>\n\t\t\t\t<\/div>\n\t\t            <\/div>\r\n        <\/div>\r\n        \t\t\t<\/div>\n\t\t<\/section>\n\t\t\t\t<\/div>","protected":false},"excerpt":{"rendered":"<p>Tura\u00e7 D\u0131\u015f Ticaret Ltd. \u015e\u0130RKET\u0130 BA\u015eVURU FORMU 1.\u00a0\u00a0\u00a0\u00a0\u00a0\u00a0GENEL \u00a0 Siz veri sahipleri taraf\u0131ndan, 6698 say\u0131l\u0131 Ki\u015fisel Verilerin Korunmas\u0131 Kanunu\u2019nun (KVKK) 11. Ve 13. Maddeleri uyar\u0131nca yap\u0131lacak ba\u015fvurular\u0131 ivedilikler, etkin ve kapsaml\u0131 bir \u015fekilde de\u011ferlendirebilmek ve \u00e7\u00f6z\u00fcmleyebilmek ad\u0131na, i\u015fbu Ba\u015fvuru Formu, veri sorumlusu s\u0131fat\u0131yla Tura\u00e7 D\u0131\u015f Ticaret Ltd. \u015eirketi taraf\u0131ndan haz\u0131rlanm\u0131\u015ft\u0131r. \u00a0 2.\u00a0\u00a0\u00a0\u00a0\u00a0\u00a0BA\u015eVURU YOLU \u00a0 Siz [&hellip;]<\/p>","protected":false},"author":1,"featured_media":0,"parent":0,"menu_order":0,"comment_status":"closed","ping_status":"closed","template":"","meta":{"footnotes":""},"class_list":["post-7652","page","type-page","status-publish","hentry"],"_links":{"self":[{"href":"https:\/\/turac.com.tr\/en\/wp-json\/wp\/v2\/pages\/7652","targetHints":{"allow":["GET"]}}],"collection":[{"href":"https:\/\/turac.com.tr\/en\/wp-json\/wp\/v2\/pages"}],"about":[{"href":"https:\/\/turac.com.tr\/en\/wp-json\/wp\/v2\/types\/page"}],"author":[{"embeddable":true,"href":"https:\/\/turac.com.tr\/en\/wp-json\/wp\/v2\/users\/1"}],"replies":[{"embeddable":true,"href":"https:\/\/turac.com.tr\/en\/wp-json\/wp\/v2\/comments?post=7652"}],"version-history":[{"count":4,"href":"https:\/\/turac.com.tr\/en\/wp-json\/wp\/v2\/pages\/7652\/revisions"}],"predecessor-version":[{"id":7656,"href":"https:\/\/turac.com.tr\/en\/wp-json\/wp\/v2\/pages\/7652\/revisions\/7656"}],"wp:attachment":[{"href":"https:\/\/turac.com.tr\/en\/wp-json\/wp\/v2\/media?parent=7652"}],"curies":[{"name":"wp","href":"https:\/\/api.w.org\/{rel}","templated":true}]}}